{"id":12672,"date":"2022-06-07T05:14:44","date_gmt":"2022-06-07T09:14:44","guid":{"rendered":"https:\/\/groweriq.ca\/groweriq-cannabis-beratung-vorbereitung-auf-die-uberprufung-und-checkliste-fur-eine-probeprufung\/"},"modified":"2024-08-11T10:51:13","modified_gmt":"2024-08-11T14:51:13","slug":"groweriq-cannabis-beratung-vorbereitung-auf-die-uberprufung-und-checkliste-fur-eine-probeprufung","status":"publish","type":"page","link":"https:\/\/groweriq.ca\/de\/groweriq-cannabis-beratung-vorbereitung-auf-die-uberprufung-und-checkliste-fur-eine-probeprufung\/","title":{"rendered":"GrowerIQ Cannabis Beratung: Inspektionsvorbereitung und Checkliste f\u00fcr Scheininspektionen"},"content":{"rendered":"\n<p>Drei bis sechs Monate nach der Erteilung einer Cannabislizenz und dem Erwerb einer<a href=\"https:\/\/groweriq.ca\/2020\/07\/31\/how-to-become-a-licensed-producer-of-cannabis\/\" target=\"_blank\" rel=\"noreferrer noopener\"> Lizenz als Cannabisproduzent <\/a>k\u00f6nnen Unternehmen damit rechnen, dass die Aufsichtsbeh\u00f6rden eine Inspektion durchf\u00fchren. Die Inspektionen k\u00f6nnen vor Ort oder virtuell durchgef\u00fchrt werden. In einigen F\u00e4llen kann der <a href=\"https:\/\/groweriq.ca\/2019\/06\/03\/new-health-canada-licensing-process-unveiled-requiring-fully-built-site-before-application\/\" target=\"_blank\" rel=\"noreferrer noopener\">Health Canada Lizenzierungsprozess <\/a>auch eine Inspektion vor der Lizenzerteilung verlangen, was eine einsch\u00fcchternde Situation sein kann. Es ist nur verst\u00e4ndlich, dass man sich dabei in die Ecke gedr\u00e4ngt f\u00fchlt, was dazu f\u00fchren kann, dass ein Unternehmer sein Kerngesch\u00e4ft nicht optimal pr\u00e4sentiert. Die Beratung von GrowerIQ kann Ihnen helfen, das zu \u00e4ndern.    <\/p>\n\n<p>GrowerIQ Scheininspektionen und Vorbereitungen k\u00f6nnen Cannabisunternehmern helfen, sich zuversichtlich und optimal auf Inspektionen vorzubereiten. Die Beratungsdienste von GrowerIQ werden Ihnen helfen, den Prozess zu meistern und Fehler zu vermeiden. <a href=\"https:\/\/groweriq.ca\/2018\/05\/10\/licensed-producers-planting-their-roots-in-canadian-market\/\" target=\"_blank\" rel=\"noreferrer noopener\">Lizenzierte Produzenten<\/a> (LPs), die Produkte \u00fcber den Einzelhandel an Verbraucher verkaufen m\u00f6chten, m\u00fcssen beantragen, den Verkauf als autorisierte Aktivit\u00e4t zu ihrer Cannabis<a href=\"http:\/\/groweriq.ca\/seed-for-success\/standard-processing-license\/\" target=\"_blank\" rel=\"noreferrer noopener\"> Standard Processing <\/a>License hinzuzuf\u00fcgen. GrowerIQ kann Ihnen bei diesem entscheidenden Schritt helfen, der bei vielen LPs zu Nervosit\u00e4t und Dringlichkeit f\u00fchrt.  <\/p>\n\n<h3 class=\"wp-block-heading\">Cannabis-\u00dcberpr\u00fcfung Beratungsdienste<\/h3>\n\n<ul class=\"wp-block-list\">\n<li>Muster-Checkliste der Aufsichtsbeh\u00f6rde (15 Seiten, 260 Punkte)<\/li>\n\n\n\n<li>Beratende Unterst\u00fctzung bei der Vorbereitung auf den Inspektor<\/li>\n\n\n\n<li>Unterst\u00fctzung bei der Aufzeichnung und dem Abgleich des Inventars<\/li>\n<\/ul>\n\n<h2 class=\"wp-block-heading\">Hinzuf\u00fcgen von Verkaufsaktivit\u00e4ten zu Ihrem Cannabis-Lizenzantrag<\/h2>\n\n<p>Das Hinzuf\u00fcgen von Verkaufsaktivit\u00e4ten zu Ihrer Cannabislizenz ist ein gro\u00dfer Schritt f\u00fcr eine LP und auch einer, der zu einer Inspektion f\u00fchren wird. Die \u00c4nderung des Antrags muss \u00fcber CTLS eingereicht werden. Wenn Sie Verk\u00e4ufe als autorisierte Aktivit\u00e4t hinzuf\u00fcgen, verlangen die Regulierungsbeh\u00f6rden von Health Canada, dass Sie ein unterschriebenes Formular zusammen mit zus\u00e4tzlichen Unterlagen wie Cannabis-Testergebnissen, dem Nachweis, dass die Ergebnisse \u00fcberpr\u00fcft und f\u00fcr akzeptabel befunden wurden, und dem Nachweis, dass die Cannabisprodukte f\u00fcr den Verkauf ordnungsgem\u00e4\u00df verpackt und etikettiert sind, einreichen. Wenn Sie mit einem GrowerIQ-Cannabisberater zusammenarbeiten, werden wir sicherstellen, dass alle diese Unterlagen ordnungsgem\u00e4\u00df sind und Ihnen dabei helfen, Ihre Prozesse und Aufzeichnungen zum Zeitpunkt der \u00dcberpr\u00fcfung zu erkl\u00e4ren.<\/p>\n\n<h2 class=\"wp-block-heading\">Was erwartet Sie bei einer Health Canada Kontrolle?<\/h2>\n\n<p>Der Hintergrund der \u00dcberpr\u00fcfungen ist es, die Einhaltung der Vorschriften zu kontrollieren. \u00dcberpr\u00fcfungen k\u00f6nnen Ihnen auch dabei helfen, die Nichteinhaltung von Vorschriften zu verhindern. Die Vorbereitung auf die Inspektion und die Test-Checklisten der GrowerIQ-Berater k\u00f6nnen dazu beitragen, dass dieser Prozess reibungslos abl\u00e4uft und Sie unerwartete Fehler vermeiden, die Ihre Lizenzgenehmigung verz\u00f6gern k\u00f6nnten.<\/p>\n\n<p>Die Inspektoren von Health Canada sind befugt, alle Orte oder R\u00e4umlichkeiten zu betreten, an denen regulierte T\u00e4tigkeiten oder Produkte vorhanden sind [2]. Das bedeutet, dass sie Unternehmen wie Cannabis-Hersteller, -Z\u00fcchter und -Vertreiber inspizieren k\u00f6nnen. Sie k\u00f6nnen auch in angemessenem Rahmen Privatwohnungen und Fahrzeuge betreten, wenn dies gerechtfertigt ist. Inspektionen vor Ort m\u00fcssen nicht vereinbart werden, und die Aufsichtsbeh\u00f6rden sind berechtigt, unangemeldet zu erscheinen. Die Inspektoren m\u00fcssen Zugang zu allen relevanten Bereichen der zu inspizierenden Anlage erhalten.<\/p>\n\n<h3 class=\"wp-block-heading\">Wer ist an den inspektionen von Cannabisunternehmen beteiligt?<\/h3>\n\n<p>Jede Person, die sich am Standort des Cannabisunternehmens aufh\u00e4lt, ist gesetzlich verpflichtet, den Inspektoren angemessene Unterst\u00fctzung und Informationen zu geben [2]. Das bedeutet, dass alle Mitarbeiter auf dem Gel\u00e4nde w\u00e4hrend einer Inspektion befragt werden k\u00f6nnen. Es ist eine gute Vorgehensweise, alle Mitarbeiter auf die M\u00f6glichkeit der Zusammenarbeit mit einer Inspektion vorzubereiten &#8211; auch hier kann eine professionelle Beratung helfen. Sie sollten freundlich sein, aber nicht zu viele Informationen preisgeben, die \u00fcber das hinausgehen, was verlangt wird. Es ist illegal, w\u00e4hrend einer Inspektion wissentlich falsche Angaben zu machen oder Beamte in die Irre zu f\u00fchren. Es ist auch illegal, die Kontrolleure bei der Durchf\u00fchrung der Inspektion zu behindern.<\/p>\n\n<h3 class=\"wp-block-heading\">Was umfasst eine Inspektion?<\/h3>\n\n<p>Hier sind die wichtigsten Dinge, die Sie von den Pr\u00fcfern an Ihrem Standort erwarten k\u00f6nnen [2]:<\/p>\n\n<ul class=\"wp-block-list\">\n<li>\u00d6ffnen\/Untersuchen eines Beh\u00e4lters, einer Verpackung, eines Artikels, eines Produkts, eines Materials, einer Substanz oder eines Ger\u00e4ts<\/li>\n\n\n\n<li>Einsichtnahme in und\/oder Kopieren von B\u00fcchern, Dokumenten, Berichten, Testdaten, Versandscheinen, Frachtbriefen, Etiketten, Werbe- und Verkaufsf\u00f6rderungsmaterial oder anderen Unterlagen<\/li>\n\n\n\n<li>Pr\u00fcfung elektronischer Daten, einschlie\u00dflich Einsehen, Drucken, Kopieren oder Exportieren von Daten aus einem Computersystem<\/li>\n\n\n\n<li>Entnahme von Proben von Artikeln, Produkten, Materialien oder Stoffen zur weiteren Analyse<\/li>\n\n\n\n<li>Messungen oder Fotos machen und Aufzeichnungen oder Skizzen anfertigen<\/li>\n\n\n\n<li>Aufforderung zur \u00dcberpr\u00fcfung der Identit\u00e4t von Personen auf dem Gel\u00e4nde<\/li>\n\n\n\n<li>Fragen an alle Personen, die sich an dem zu inspizierenden Ort aufhalten<\/li>\n\n\n\n<li>Die Inspektoren k\u00f6nnen Gegenst\u00e4nde beschlagnahmen und in Verwahrung nehmen, wenn der begr\u00fcndete Verdacht besteht, dass sie nicht den Vorschriften entsprechen.<\/li>\n<\/ul>\n\n<h2 class=\"wp-block-heading\">GrowerIQ Cannabis-Lizenz Vorbereitung zur Inspektion<\/h2>\n\n<p>Wenn Sie mit dem Cannabis-Beratungsteam von GrowerIQ zusammenarbeiten, erhalten Sie die einmalige Gelegenheit, den Inspektions-Prozess kennenzulernen. Schlie\u00dflich m\u00f6chten Sie nicht, dass die Regulierungsbeh\u00f6rden einen unerwarteten Fehler entdecken. Unsere Dienstleistungen zur Vorbereitung von Inspektionen zielen darauf ab, Ihren Inspektionsprozess zu rationalisieren und diese Entdeckungen zu machen, bevor die Aufsichtsbeh\u00f6rde es tut. So k\u00f6nnen Sie Probleme beheben und das Personal vor dem Inspektionstag vorbereiten.<\/p>\n\n<h3 class=\"wp-block-heading\">Mehr erfahren<\/h3>\n\n<p>Die Experten von GrowerIQ k\u00f6nnen Ihnen dabei helfen, ein erfolgreiches <a href=\"https:\/\/groweriq.ca\/2018\/10\/12\/the-cannabis-trade-goes-global\/\" target=\"_blank\" rel=\"noreferrer noopener\">internationales Cannabisunternehmen<\/a> zu gr\u00fcnden und alle gesetzlichen Rahmenbedingungen zu erf\u00fcllen. Wenn Sie mehr erfahren m\u00f6chten, setzen Sie sich mit unseren Cannabis-Experten in Verbindung, indem Sie auf die Schaltfl\u00e4che klicken oder das untenstehende Formular ausf\u00fcllen.  <\/p>\n\n<a class=\"x-btn\" href=\"https:\/\/groweriq.ca\/consulting\/inspection-services\" style=\"outline: none; max-width: 450px;\"><\/a><a href=\"https:\/\/groweriq.ca\/consulting\/inspection-services\">Meistern Sie jetzt Ihre Inspektionen<\/a><p><\/p>\n<div class=\"cs-content x-global-block x-global-block-4174 e4174-e0\"><div class=\"x-section e4174-e2 m37y-0 m37y-1\"><div class=\"x-row x-container max width e4174-e3 m37y-3 m37y-4\"><div class=\"x-row-inner\"><div class=\"x-col e4174-e4 m37y-5\"><hr class=\"x-line e4174-e5 m37y-6\"\/><div class=\"x-text x-text-headline e4174-e6 m37y-7 m37y-8\"><div class=\"x-text-content\"><div class=\"x-text-content-text\"><h2 class=\"x-text-content-text-primary\">Recommended For You<\/h2>\n<\/div><\/div><\/div><div  class=\"x-recent-posts cf horizontal\"  data-x-element=\"recent_posts\" data-x-params=\"{&quot;fade&quot;:false}\" data-fade=\"false\" ><a class=\"x-recent-post3 with-image\" href=\"https:\/\/groweriq.ca\/de\/2024\/06\/18\/neue-cannabis-gesetzgebung-in-deutschland-abschaffung-oeffentlicher-cannabis-ausschreibungen\/\" title=\"Permalink to: &quot;Neue Cannabis-Gesetzgebung in Deutschland: Abschaffung \u00f6ffentlicher Cannabis-Ausschreibungen&quot;\"><article id=\"post-27809\" class=\"post-27809 post type-post status-publish format-standard has-post-thumbnail hentry category-deutschland category-international-de category-unkategorisiert tag-cannabis-industrie tag-cannabis-unternehmen\"><div class=\"entry-wrap\"><div class=\"x-recent-posts-img\" style=\"background-image: url(https:\/\/groweriq.ca\/wp-content\/uploads\/2024\/05\/esteban-lopez-cQtAjvP6hUQ-unsplash-1.jpg);\"><i class='x-framework-icon x-recent-posts-icon' data-x-icon-s='&#xf15c;' aria-hidden=true><\/i><\/div><div class=\"x-recent-posts-content\"><h3 class=\"h-recent-posts\">Neue Cannabis-Gesetzgebung in Deutschland: Abschaffung \u00f6ffentlicher Cannabis-Ausschreibungen<\/h3><span class=\"x-recent-posts-date\">18. Juni 2024<\/span><\/div><\/div><\/article><\/a><a class=\"x-recent-post3 with-image\" href=\"https:\/\/groweriq.ca\/de\/2024\/06\/14\/voraussetzungen-fuer-die-gruendung-einer-anbauervereinigung-oder-eines-cannabisclubs\/\" title=\"Permalink to: &quot;Voraussetzungen f\u00fcr die Gr\u00fcndung einer Anbauervereinigung oder eines Cannabisclubs.&quot;\"><article id=\"post-27760\" class=\"post-27760 post type-post status-publish format-standard has-post-thumbnail hentry category-deutschland category-unkategorisiert tag-cannabis-industrie tag-cannabis-unternehmen\"><div class=\"entry-wrap\"><div class=\"x-recent-posts-img\" style=\"background-image: url(https:\/\/groweriq.ca\/wp-content\/uploads\/2024\/05\/esteban-lopez-_k6g3qSnYIo-unsplash-1.jpg);\"><i class='x-framework-icon x-recent-posts-icon' data-x-icon-s='&#xf15c;' aria-hidden=true><\/i><\/div><div class=\"x-recent-posts-content\"><h3 class=\"h-recent-posts\">Voraussetzungen f\u00fcr die Gr\u00fcndung einer Anbauervereinigung oder eines Cannabisclubs.<\/h3><span class=\"x-recent-posts-date\">14. Juni 2024<\/span><\/div><\/div><\/article><\/a><a class=\"x-recent-post3 with-image\" href=\"https:\/\/groweriq.ca\/de\/2024\/06\/11\/was-sie-ueber-cannabis-social-club-software-wissen-sollten\/\" title=\"Permalink to: &quot;10 Dinge, man \u00fcber Cannabis Social Club Software wissen sollte&quot;\"><article id=\"post-27758\" class=\"post-27758 post type-post status-publish format-standard has-post-thumbnail hentry category-cannabis-social-club-de category-seed-to-sale-vom-samen-zum-verkauf tag-cannabis-industrie tag-cannabis-unternehmen\"><div class=\"entry-wrap\"><div class=\"x-recent-posts-img\" style=\"background-image: url(https:\/\/groweriq.ca\/wp-content\/uploads\/2024\/04\/cannabis-social-club-software-870x520.jpeg);\"><i class='x-framework-icon x-recent-posts-icon' data-x-icon-s='&#xf15c;' aria-hidden=true><\/i><\/div><div class=\"x-recent-posts-content\"><h3 class=\"h-recent-posts\">10 Dinge, man \u00fcber Cannabis Social Club Software wissen sollte<\/h3><span class=\"x-recent-posts-date\">11. Juni 2024<\/span><\/div><\/div><\/article><\/a><\/div><\/div><\/div><\/div><\/div><div class=\"x-section e4174-e8 m37y-1 m37y-2\"><div class=\"x-container max width e4174-e9 m37y-a\"><div class=\"x-column x-sm x-1-2 e4174-e10 m37y-b\"><div class=\"x-text x-text-headline e4174-e11 m37y-8 m37y-9\"><div class=\"x-text-content\"><div class=\"x-text-content-text\"><h2 class=\"x-text-content-text-primary\"><span>About GrowerIQ<\/span><\/h2>\n<\/div><\/div><\/div><div class=\"x-content-area e4174-e12 m37y-c\">GrowerIQ is a complete cannabis production management platform. Ours is the first platform to integrate your facility systems, including sensors, building controls, QMS, and ERP, into a single simplified interface.\n<br\/><br\/>\n\nGrowerIQ is changing the way producers use software - transforming a regulatory requirement into a robust platform to learn, analyze, and improve performance. \n<br\/><br\/>\n\nTo find out more about GrowerIQ and how we can help, fill out the form to the right, start a chat, or <a class=\"link\" href=\"\/contact-us\/\">contact us<\/a>.<\/div><\/div><div class=\"x-column x-sm x-1-2 e4174-e13 m37y-b\"><div class=\"x-content-area x-hide-sm x-hide-xs e4174-e14 m37y-c\"><h2 style=\"color: white !important;\">Start today.<\/h2>\n<p style=\"color: white !important;\">Let us know how to reach you, and we'll get in touch to discuss your project.<\/p>\n<div class=\"salesforce_w2l_lead sf_one_column\"><form id=\"sf_form_salesforce_w2l_lead_4\" class=\"w2llead placeholders\" method=\"post\" action=\"#sf_form_salesforce_w2l_lead_4\"><div class=\"sf_field sf_field_first_name sf_type_text\">\t<input type=\"text\" placeholder=\"Name *\" value=\"\" id=\"sf_first_name\" class=\"w2linput text\" name=\"first_name\"  \/><div class=\"clearfix\"><\/div><\/div><div class=\"sf_field sf_field_email sf_type_text\">\t<input type=\"text\" placeholder=\"Email *\" value=\"\" id=\"sf_email\" class=\"w2linput text\" name=\"email\"  \/><div class=\"clearfix\"><\/div><\/div><div class=\"sf_field sf_field_description sf_type_textarea\">\t\t<textarea id=\"sf_description\" class=\"w2linput textarea\" name=\"description\" placeholder=\"Message\"><\/textarea><div class=\"clearfix\"><\/div><\/div>\t\t<input type=\"hidden\" id=\"sf_GCLID__c\" class=\"w2linput hidden\" name=\"GCLID__c\" value=\"\" \/>\t\t<input type=\"hidden\" id=\"sf_Utm_campaign__c\" class=\"w2linput hidden\" name=\"Utm_campaign__c\" value=\"\" \/>\t\t<input type=\"hidden\" id=\"sf_Utm_content__c\" class=\"w2linput hidden\" name=\"Utm_content__c\" value=\"\" \/>\t\t<input type=\"hidden\" id=\"sf_Utm_medium__c\" class=\"w2linput hidden\" name=\"Utm_medium__c\" value=\"\" \/>\t\t<input type=\"hidden\" id=\"sf_Utm_source__c\" class=\"w2linput hidden\" name=\"Utm_source__c\" value=\"\" \/>\t\t<input type=\"hidden\" id=\"sf_Utm_term__c\" class=\"w2linput hidden\" name=\"Utm_term__c\" value=\"\" \/>\t\t<input type=\"hidden\" id=\"sf_Referral_url__c\" class=\"w2linput hidden\" name=\"Referral_url__c\" value=\"\" \/>\t<input type=\"text\" name=\"message\" class=\"w2linput\" value=\"\" style=\"display: none;\" \/>\t<input type=\"hidden\" name=\"form_id\" class=\"w2linput\" value=\"4\" \/>\t<div class=\"w2lsubmit\"><input type=\"submit\" name=\"w2lsubmit\" class=\"w2linput submit\" value=\"Get Started\" \/><\/div><\/form><\/div>\n\n<p style=\"color: white !important; font-size: 9px !important; line-height: 15px !important;\">GrowerIQ does not share, sell, rent, or trade personally identifiable information with third parties for promotional purposes. <a href=\"\/privacy-policy\/\" style=\"color: white !important; text-decoration: underline !important;\">Privacy Policy<\/a><\/p><\/div><\/div><\/div><\/div><\/div>\n\n<h2 class=\"wp-block-heading\">Referenzen<\/h2>\n\n<ol class=\"wp-block-list\">\n<li>Health Canada. <a href=\"https:\/\/www.canada.ca\/en\/health-canada\/services\/drugs-medication\/cannabis\/industry-licensees-applicants\/licensing-summary\/guide.html#7\" target=\"_blank\" rel=\"noreferrer noopener\">Application requirements for cannabis cultivation, processing and medical sales licences. <\/a>Canada.ca. Ver\u00f6ffentlicht 2018. Abgerufen am 9. Mai 2021.    <\/li>\n\n\n\n<li>Health Canada. <a href=\"https:\/\/www.canada.ca\/en\/health-canada\/corporate\/mandate\/regulatory-role\/what-health-canada-does-as-regulator\/guide-inspections.html\" target=\"_blank\" rel=\"noreferrer noopener\">A Guide to Health Canada Inspections<\/a>. Canada.ca.  Ver\u00f6ffentlicht 2021. Abgerufen am 10. Mai 2021. <\/li>\n<\/ol>\n","protected":false},"excerpt":{"rendered":"<p>GrowerIQ Scheininspektionen und Inspektionsvorbereitungen k\u00f6nnen Cannabisunternehmern helfen, sich sicher und gut auf Inspektionen vorzubereiten. Die Beratungsdienste von GrowerIQ helfen Ihnen, den Inspektionsprozess zu meistern und Fehler zu vermeiden. Lizenzierte Produzenten (LPs), die Produkte \u00fcber den Einzelhandel an Verbraucher verkaufen m\u00f6chten, m\u00fcssen beantragen, den Verkauf als autorisierte Aktivit\u00e4t zu ihrer Cannabis-Produktionslizenz hinzuzuf\u00fcgen.  <\/p>\n","protected":false},"author":10,"featured_media":10783,"parent":0,"menu_order":0,"comment_status":"closed","ping_status":"closed","template":"","meta":{"_elementor_css":"","footnotes":""},"categories":[766,621,469,637,757,468],"tags":[765,612,777,778],"class_list":["post-12672","page","type-page","status-publish","has-post-thumbnail","hentry","category-beratung","category-cannabis-business-plan-de","category-cannabis-sops-standard-operating-procedures-standardvorgehensweisen","category-lizensierungsprozess","category-lp-application-process-de","category-qualitat","tag-antrag-auf-cannabis-lizenz-de","tag-cannabis-beratung","tag-cannabis-lizenz","tag-cannabis-uberprufung"],"_links":{"self":[{"href":"https:\/\/groweriq.ca\/de\/wp-json\/wp\/v2\/pages\/12672","targetHints":{"allow":["GET"]}}],"collection":[{"href":"https:\/\/groweriq.ca\/de\/wp-json\/wp\/v2\/pages"}],"about":[{"href":"https:\/\/groweriq.ca\/de\/wp-json\/wp\/v2\/types\/page"}],"author":[{"embeddable":true,"href":"https:\/\/groweriq.ca\/de\/wp-json\/wp\/v2\/users\/10"}],"replies":[{"embeddable":true,"href":"https:\/\/groweriq.ca\/de\/wp-json\/wp\/v2\/comments?post=12672"}],"version-history":[{"count":10,"href":"https:\/\/groweriq.ca\/de\/wp-json\/wp\/v2\/pages\/12672\/revisions"}],"predecessor-version":[{"id":29586,"href":"https:\/\/groweriq.ca\/de\/wp-json\/wp\/v2\/pages\/12672\/revisions\/29586"}],"wp:featuredmedia":[{"embeddable":true,"href":"https:\/\/groweriq.ca\/de\/wp-json\/wp\/v2\/media\/10783"}],"wp:attachment":[{"href":"https:\/\/groweriq.ca\/de\/wp-json\/wp\/v2\/media?parent=12672"}],"wp:term":[{"taxonomy":"category","embeddable":true,"href":"https:\/\/groweriq.ca\/de\/wp-json\/wp\/v2\/categories?post=12672"},{"taxonomy":"post_tag","embeddable":true,"href":"https:\/\/groweriq.ca\/de\/wp-json\/wp\/v2\/tags?post=12672"}],"curies":[{"name":"wp","href":"https:\/\/api.w.org\/{rel}","templated":true}]}}