{"id":12480,"date":"2022-06-02T04:20:55","date_gmt":"2022-06-02T08:20:55","guid":{"rendered":"https:\/\/groweriq.ca\/so-erhalten-sie-eine-cannabis-lizenz-in-der-schweiz\/"},"modified":"2024-08-29T10:01:22","modified_gmt":"2024-08-29T14:01:22","slug":"so-erhalten-sie-eine-cannabis-lizenz-in-der-schweiz","status":"publish","type":"page","link":"https:\/\/groweriq.ca\/de\/so-erhalten-sie-eine-cannabis-lizenz-in-der-schweiz\/","title":{"rendered":"So erhalten Sie eine Cannabis-Lizenz in der Schweiz"},"content":{"rendered":"\n<h2 class=\"wp-block-heading\">Das neue Cannabis-Pilotprogramm der Schweiz k\u00f6nnte neue Perspektiven f\u00fcr die Branche er\u00f6ffnen.<\/h2>\n\n\n\n<p>Nach einem Parlamentsbeschluss aus dem Jahr 2020 hat die Schweiz im Mai 2021 damit begonnen, Freizeit-Cannabis f\u00fcr Erwachsene in kontrollierten Substanzen zuzulassen. Versuche mit Freizeit-Cannabis sollen voraussichtlich im Sommer 2022 beginnen [4]. Au\u00dferhalb des Programms bleibt der Freizeitkonsum von Cannabis in der Schweiz illegal. Allerdings wird der Zugang zu medizinischem Cannabis verbessert. W\u00e4hrend viele europ\u00e4ische L\u00e4nder \u00fcber die Legalisierung von Freizeit-Cannabis nachdenken, ist die Schweiz in dieser Angelegenheit immer noch konservativ. Es k\u00f6nnte eine Weile dauern, bis Switzcannabis-Lizenzen wie in <a href=\"https:\/\/groweriq.ca\/2020\/02\/05\/how-to-get-your-micro-grow-license-in-canada\/\" target=\"_blank\" rel=\"noreferrer noopener\">Kanada<\/a> zug\u00e4nglich gemacht werden. Das Schweizer Pilotprogramm bietet m\u00f6glicherweise einige begrenzte M\u00f6glichkeiten, eine Schweizer Cannabis-Anbaulizenz zu erhalten, verlangt jedoch von den Anbauern, dass sie mit Programmorganisatoren und Schweizer Regulierungsbeh\u00f6rden zusammenarbeiten. Lesen Sie weiter, um einen umfassenden Ratgeber zu erhalten, der Ihnen hilft, ein <a href=\"https:\/\/groweriq.ca\/2020\/07\/31\/how-to-become-a-licensed-producer-of-cannabis\/\">lizenzierter Cannabisproduzent<\/a> in der Schweiz zu werden.<\/p>\n\n\n\n<h2 class=\"wp-block-heading\">Aktuelle Gesetzgebung zu Cannabis in der Schweiz<\/h2>\n\n\n\n<p>Derzeit ist der Anbau von Hanf in der Schweiz v\u00f6llig legal. Menschen, die eine Lizenz f\u00fcr den Cannabis-Anbau erhalten m\u00f6chten, k\u00f6nnen dies nur \u00fcber neue <a href=\"https:\/\/groweriq.ca\/how-to-get-a-cannabis-license-in-switzerland\/\" data-type=\"link\" data-id=\"https:\/\/groweriq.ca\/how-to-get-a-cannabis-license-in-switzerland\/\">Pilotprogramme <\/a>tun. Auf dem Schweizer Markt f\u00fcr medizinisches Marihuana gibt es keine nennenswerten Wege zur Lizenzierung, da dieses Programm extrem begrenzt ist. Hier finden Sie einen \u00dcberblick \u00fcber die aktuelle Situation von Cannabis in der Schweiz.<\/p>\n\n\n\n<h3 class=\"wp-block-heading\">Medizinisches Marihuana in der Schweiz<\/h3>\n\n\n\n<p>Historisch gesehen ist medizinisches Cannabis \u00e4u\u00dferst und \u00fcberraschend begrenzt. \u201eDerzeit ist in der Schweiz nur ein einziges Cannabis-Bet\u00e4ubungsmittelpr\u00e4parat offiziell f\u00fcr die medizinische Verwendung zugelassen. \u2026nur zwei Apotheken im Land k\u00f6nnen Tinkturen und \u00d6lkonzentrate an Menschen mit schweren oder unheilbaren Krankheiten abgeben. Bl\u00fcten oder Harz sind als medizinisches Cannabis nicht erh\u00e4ltlich [1].\u201c K\u00fcrzlich wurde in einem Artikel der High Times bekannt gegeben, dass der Zugang zu medizinischem Cannabis in der Schweiz einer Erneuerung unterzogen wird [4]. Im M\u00e4rz 2021 wurde eine \u00c4nderung des Schweizer Bet\u00e4ubungsmittelgesetzes verabschiedet. Diese \u00c4nderung wird es Patienten leichter machen, Zugang zu medizinischem Cannabis zu erhalten, indem der Verschreibungsprozess rationalisiert wird. Allerdings gilt der Begriff \u201emedizinisches Cannabis\u201c nach wie vor nur f\u00fcr Produkte mit weniger als 1 % Tetrahydrocannabinol (THC). Das einzige in der Schweiz zugelassene medizinische Cannabispr\u00e4parat ist Sativex.<\/p>\n\n\n\n<h3 class=\"wp-block-heading\">Hanf in der Schweiz<\/h3>\n\n\n\n<p>Die Schweizer Hanfgesetze sind sehr liberal. Tats\u00e4chlich verwenden die meisten Schweizer Vorschriften das Wort \u201eCannabis\u201c, um sich auf Hanf zu beziehen. Dennoch sind bis zu 1 % THC erlaubt, was dem F\u00fcnffachen des von den meisten europ\u00e4ischen L\u00e4ndern vorgeschriebenen THC-Grenzwerts von 0,2 % entspricht [1].<a href=\"https:\/\/groweriq.ca\/de\/2021\/04\/14\/seed-to-sale-software-fur-hanf\/\" target=\"_blank\" rel=\"noreferrer noopener\"> Hanf<\/a> und CBD-Produkte sind weit verbreitet und werden h\u00e4ufig in Schweizer Tabakl\u00e4den verkauft. Obwohl Hanf als \u201elegales Cannabis\u201c angepriesen wird, hat es nicht die gleichen Wirkungen wie Marihuana. Vor allem bei 1 % THC kann es bei manchen Menschen zu einem leichten Rausch kommen, aber es macht nicht &#8222;high&#8220;.<\/p>\n\n\n\n<h3 class=\"wp-block-heading\">Cannabis f\u00fcr den privaten Gebrauch in der Schweiz<\/h3>\n\n\n\n<p>Der gewerbliche Cannabiskonsum f\u00fcr Erwachsene ist in der Schweiz weitgehend entkriminalisiert worden [1]. Sie betrachten den pers\u00f6nlichen Besitz von weniger als 10 Gramm Cannabis als geringf\u00fcgig und es gibt nicht einmal eine Geldstrafe. Au\u00dferdem ist es sehr beliebt mit einer j\u00e4hrlichen Konsumrate von 8,7% und einem gesch\u00e4tzten Marktwert von 1,2 Milliarden Schweizer Franken. Allerdings stammt das gesamte derzeitige Marihuana in der Schweiz aus illegalen Quellen. Ein beschr\u00e4nktes Pilotprogramm wurde gestartet, um die Auswirkungen und das Potenzial der Legalisierung von Cannabis f\u00fcr den Freizeitgebrauch in der Schweiz zu bewerten.<\/p>\n\n\n\n<h4 class=\"wp-block-heading\">Autorisierte Pilotversuche f\u00fcr Freizeit-Cannabis in der Schweiz (nichtmedizinische Verwendung)<\/h4>\n\n\n\n<p>Allerdings f\u00fchren die Schweizer Regierung und das Bundesamt f\u00fcr Gesundheit (BAG) eine Reihe von Pilotversuchen durch, um die Auswirkungen einer begrenzten, genehmigten Legalisierung von Freizeit-Cannabis in bestimmten St\u00e4dten zu beobachten.<\/p>\n\n\n\n<p>Diese Pilotprogramme werden es den Teilnehmern erm\u00f6glichen, Cannabisprodukte in Apotheken, Cannabis-Clubs und gemeinn\u00fctzigen Gesch\u00e4ften sowie \u00fcber andere Vertriebskan\u00e4le zu vertreiben. Der Zweck der Versuche besteht darin, einen ma\u00dfvollen Ansatz zur Legalisierung von Freizeit-Cannabis zu verfolgen und es den jeweiligen Regierungsorganisationen zu erm\u00f6glichen, Vertriebssysteme zu verstehen und zu erkennen, welche Arten von Regulierungsmodellen f\u00fcr Verbraucher aufgrund ihres Konsumverhaltens akzeptabel w\u00e4ren. Wenn Sie neugierig auf die konkreten Pilotprogramme sind, die derzeit durchgef\u00fchrt werden, schauen Sie sich unten um:<\/p>\n\n\n\n<ul class=\"wp-block-list\">\n<li><strong><a href=\"https:\/\/www.bag.admin.ch\/bag\/en\/home\/gesund-leben\/sucht-und-gesundheit\/cannabis\/pilotprojekte\/bewilligte-pilotversuche\/cann-l.html\" target=\"_blank\" rel=\"noreferrer noopener\">Cann-L<\/a><\/strong> : Die Absicht der Regierung mit Cann-L besteht darin, die Machbarkeit und Auswirkungen eines Modells zur Regulierung des Cannabiskonsums zu bewerten, indem Cannabis \u00fcber eine gemeinn\u00fctzige Organisation in der Stadt Lausanne verkauft wird.<\/li>\n\n\n\n<li><strong><a href=\"https:\/\/www.bag.admin.ch\/bag\/en\/home\/gesund-leben\/sucht-und-gesundheit\/cannabis\/pilotprojekte\/bewilligte-pilotversuche\/grashaus-projects-bl.html\" target=\"_blank\" rel=\"noreferrer noopener\">Grashaus Projekte BL:<\/a><\/strong> Die Regierung versucht zu verstehen, ob eine strukturierte und kontrollierte Methode des Cannabisverkaufs in Liestal zu einer \u00c4nderung des Konsums f\u00fchrt. Dies wird es ihnen erm\u00f6glichen, potenzielle Vertriebskan\u00e4le und entsprechende Vorschriften zu verstehen, die f\u00fcr die lokale Bev\u00f6lkerung akzeptabel w\u00e4ren.<\/li>\n\n\n\n<li><strong><a href=\"https:\/\/www.bag.admin.ch\/bag\/en\/home\/gesund-leben\/sucht-und-gesundheit\/cannabis\/pilotprojekte\/bewilligte-pilotversuche\/script.html\" target=\"_blank\" rel=\"noreferrer noopener\">SKRIPT<\/a> :<\/strong> Die Schweizer Regierung f\u00fchrt diesen Versuch in Bern, Biel und Luzern durch, um die Auswirkungen einer regulierten, gemeinn\u00fctzigen Methode des Cannabisverkaufs in Apotheken auf die lokale Bev\u00f6lkerung zu verstehen und zu bewerten, zusammen mit Beratungsdiensten.<\/li>\n\n\n\n<li><a href=\"https:\/\/www.bag.admin.ch\/bag\/en\/home\/gesund-leben\/sucht-und-gesundheit\/cannabis\/pilotprojekte\/bewilligte-pilotversuche\/weed-care.html\" target=\"_blank\" rel=\"noreferrer noopener\"><strong>Unkrautpflege<\/strong><\/a> : Diese Studie soll die Auswirkungen auf die \u00f6ffentliche Gesundheit beobachten, nachdem der regulierte Cannabisverkauf in Apotheken im Kanton Basel-Stadt zugelassen wurde.<\/li>\n\n\n\n<li><strong><a href=\"https:\/\/www.bag.admin.ch\/bag\/en\/home\/gesund-leben\/sucht-und-gesundheit\/cannabis\/pilotprojekte\/bewilligte-pilotversuche\/zueri-can.html\" target=\"_blank\" rel=\"noreferrer noopener\">Z\u00fcriCan<\/a> :<\/strong> Die Regierung legalisiert den regulierten Verkauf von Cannabis im Z\u00fcrcher Drogeninformationszentrum (DIZ), 10 Apotheken und 10 Vereinen in der Stadt Z\u00fcrich. Ziel dieser Studie ist es, Konsummuster zu beobachten und diese Informationen zu nutzen, um einen geeigneten Regulierungsrahmen zu schaffen.<\/li>\n<\/ul>\n\n\n\n<h2 class=\"wp-block-heading\">Das Cannabis-Pilotprogramm der Schweiz<\/h2>\n\n\n\n<p>Im Jahr 2019 genehmigte die Schweizer Regierung ein Pilotprojekt zur Untersuchung der wirtschaftlichen und gesundheitlichen Auswirkungen des nichtmedizinischen Cannabiskonsums. Der Plan beginnt am 15. Mai 2021 und l\u00e4uft bis Mai 2031 [2, 3]. Das Schweizer Bundesamt f\u00fcr Gesundheit (BAG) betreut das auf zehn Jahre begrenzte Pilotprogramm. Die Pilotprojekte f\u00fcr Freizeit-Cannabis werden von \u00f6ffentlichen oder privaten Stellen unter Beteiligung von Forschungsinstituten, lokalen Beh\u00f6rden und mit Genehmigung des BAG beantragt. Sie m\u00fcssen spezifische Forschungsziele verfolgen, beispielsweise die Erhebung von Daten \u00fcber die sozio\u00f6konomischen Auswirkungen der Cannabislegalisierung oder andere wissenschaftliche Ziele.<\/p>\n\n\n\n<p>Pilotprogramme m\u00fcssen auf eine bestimmte Kommune beschr\u00e4nkt sein und k\u00f6nnen jeweils f\u00fcnf Jahre lang laufen, mit einer Verl\u00e4ngerungsoption um zwei Jahre. Zugelassen sind bis zu 5.000 Teilnehmer, die von beauftragten \u00c4rzten \u00fcberwacht werden m\u00fcssen. Teilnehmer an den Schweizer Pilotprogrammen f\u00fcr Freizeit-Cannabis m\u00fcssen nachweisen, dass sie in dem Gebiet wohnen, f\u00fcr das das Pilotprojekt zugelassen ist, und dass sie derzeit (illegalen) Cannabiskonsumenten sind.<\/p>\n\n\n\n<h3 class=\"wp-block-heading\">Schweizer Cannabis-Pilotprogramm sucht Freiwillige f\u00fcr Cannabis-Clubs<\/h3>\n\n\n\n<p>Am 17. September 2021 <a href=\"https:\/\/businesscann.com\/zurich-seeks-cannabis-club-volunteers-and-swiss-business-to-support-its-adult-use-trial\/\" target=\"_blank\" rel=\"noreferrer noopener\">berichtete<\/a> BusinessCann \u00fcber die neueste Entwicklung des Schweizer Cannabis-Pilotprogramms. \u201eZ\u00fcri Can \u2013 Cannabis mit Verantwortung\u201c hei\u00dft das Programm, das Freiwillige in Z\u00fcrich, Basel, Bern, Luzern und Genf rekrutiert. Die Regierungspartnerschaft mit der Psychiatrischen Universit\u00e4tsklinik Z\u00fcrich und dem Zurich Pharmacy Network wird es Freiwilligen erm\u00f6glichen, Cannabis f\u00fcr den Freizeitgebrauch durch Erwachsene in Apotheken und Cannabisclubs zu beziehen.<\/p>\n\n\n\n<p>Das Schweizer Freizeit-Cannabis-Pilotprojekt zielt darauf ab, den besten Weg zur Regulierung und Verteilung zu ermitteln, die Auswirkungen des Cannabiskonsums bei Erwachsenen zu untersuchen, die Gesundheit von Freiwilligen zu \u00fcberwachen und ihre Konsumgewohnheiten zu beobachten. Das Bundesamt f\u00fcr Gesundheit wird den Cannabisanbauern Produktionsgenehmigungen erteilen, um das Pilotprogramm zu beliefern. Nach den im Jahr 2020 durchgef\u00fchrten Feldversuchen werden die Produzenten strengen Qualit\u00e4tsstandards unterliegen. Den Pilotteilnehmern wird eine Vielzahl von THC- und CBD-Produkten zur Verf\u00fcgung stehen. In der Schweiz gibt es einen gut etablierten Schwarzmarkt f\u00fcr Cannabis. Daher sind die Regulierungsbeh\u00f6rden hochmotiviert, die Gesetzgebung zu Freizeit-Cannabis voranzutreiben und gef\u00e4hrliche Schwarzmarkt-Cannabisprodukte zu verdr\u00e4ngen.<\/p>\n\n\n\n<h2 class=\"wp-block-heading\">Cannabis-Anbau in der Schweiz f\u00fcr ein Pilotprogramm<\/h2>\n\n\n\n<p>Cannabis-Konsumenten in der Schweiz d\u00fcrfen nur 10mg THC pro Monat konsumieren und die Produkte d\u00fcrfen nicht mehr als 20% THC enthalten [3]. Die Teilnehmer des Programms kaufen Cannabisprodukte von Apotheken oder anderen Abgabestellen, die von dem Programm autorisiert wurden. Cannabisbl\u00fcten, Extrakte, Isolate und Nahrungsmittel d\u00fcrfen im Rahmen eines Pilotprojekts hergestellt und verkauft werden.<\/p>\n\n\n\n<p>Wenn Sie daran interessiert sind, im Rahmen der Pilotprojekte Cannabis in der Schweiz anzubauen, k\u00f6nnen Sie Ihr Interesse beim BAG anmelden. Sie m\u00fcssen jedoch mit Organisatoren eines bestimmten Pilotprogramms zusammenarbeiten, um eine Lizenz f\u00fcr den Cannabisanbau in der Schweiz zu erhalten [2]. Wenn ein Programmveranstalter einen Landwirt sucht, stellt ihm das BAG eine Liste der Unternehmen zur Verf\u00fcgung, die sein Interesse angemeldet haben. S\u00e4mtliches Cannabis muss im Sinne des Schweizer Gesetzes biologisch angebaut werden. Cannabisanbauer in der Schweiz m\u00fcssen auch die von der Europ\u00e4ischen Arzneimittelagentur festgelegten guten <a href=\"https:\/\/groweriq.ca\/2019\/03\/04\/gpp-vs-gmp-quality-management-systems-for-cannabis-businesses\/\" target=\"_blank\" rel=\"noreferrer noopener\">landwirtschaftlichen Praktiken (GAP)<\/a> einhalten.<\/p>\n\n\n\n<h2 class=\"wp-block-heading\">Die Produktion von CBD-Pflanzen ist in der Schweiz legal<\/h2>\n\n\n\n<p>W\u00e4hrend sich die Cannabisproduktion noch im Pilotprogramm befindet, ist die Produktion von CBD-Bl\u00fcten in der Schweiz legal<a href=\"https:\/\/www.swissinfo.ch\/eng\/business\/swiss-cannabis-market-a-delicate-balancing-act\/46193410#:~:text=Producing%20and%20selling%20hemp%20inflorescences,legal%20in%20Switzerland%20since%202017.\" target=\"_blank\" rel=\"noreferrer noopener\"> seit 2017<\/a> . Z\u00fcchter und Produzenten d\u00fcrfen Pflanzen und CBD-Produkte anbauen, die weniger als 1 Prozent THC enthalten. Diese Produkte fallen nicht unter das Bet\u00e4ubungsmittelgesetz.<\/p>\n\n\n\n<p>Dies bedeutet nicht, dass CBD-Produkte nicht reguliert sind. Sie m\u00fcssen dennoch im Einklang mit dem Gesetz stehen und sich an die jeweiligen Vorschriften halten. Wenn ein Hersteller beispielsweise CBD-\u00d6l verkauft, kann es als \u201eLebensmittel\u201c eingestuft werden und muss die entsprechenden Sicherheitsrichtlinien des Bundesgesetzes einhalten.<\/p>\n\n\n\n<h3 class=\"wp-block-heading\">Der Schweizer CBD-Markt w\u00e4chst schnell<\/h3>\n\n\n\n<p>Die Schweizer nutzen die CBD-L\u00fccke, um \u201e\u00e4hnliche\u201c Produkte wie Cannabis zu erhalten, ohne Pilotprogramme durchlaufen zu m\u00fcssen. Tats\u00e4chlich wird f\u00fcr den Schweizer CBD-Markt ein <a href=\"https:\/\/marryjane.com\/blog\/why-switzerland-is-the-cbdhub-of-europe\/\" target=\"_blank\" rel=\"noreferrer noopener\">j\u00e4hrliches Wachstum von 39%<\/a> erwartet, wobei einige Experten voraussagen, dass die CBD-Industrie in der Schweiz bis 2027 ein Volumen von 320 Millionen CHF (318 Millionen $) erreichen wird. Einige der gr\u00f6\u00dften \u201eCannabis\u201c-Produzenten in der Schweiz produzieren CBD-Produkte, w\u00e4hrend die Regierung ihr Cannabis-Lizenzierungsverfahren einf\u00fchrt und verfeinert.<\/p>\n\n\n\n<h2 class=\"wp-block-heading\">Abschlie\u00dfende Gedanken zum Cannabis-Anbau in der Schweiz<\/h2>\n\n\n\n<p>Wenn Sie Marihuana anbauen m\u00f6chten, gibt es viele Herausforderungen, um mit dem Pilotprogramm eine Lizenz f\u00fcr Cannabis in der Schweiz zu erhalten. Sie m\u00fcssen darauf vorbereitet sein, die strengen regulatorischen Anforderungen von GAP zu erf\u00fcllen. GrowerIQ kennt diese Herausforderungen und kann Ihrem Cannabisanbau mit seiner revolution\u00e4ren <a href=\"https:\/\/groweriq.ca\/software\/cannabis-software\/\" target=\"_blank\" rel=\"noreferrer noopener\">Seed-to-Sale-Software und seinen Beratungsleistungen<\/a> zum Erfolg verhelfen GrowerIQ bietet Landwirten die Software-Infrastruktur und Qualit\u00e4tssicherungstools wie Standardarbeitsanweisungen (SOPs), die Landwirten dabei helfen, strenge Qualit\u00e4tssicherungsanforderungen einzuhalten. GrowerIQ-Berater k\u00f6nnen Ihnen bei der Erlangung einer Lizenz helfen und Sie bei der Umsetzung guter Gesch\u00e4ftspraktiken unterst\u00fctzen, die zu besseren Cannabisprodukten und einer besseren Kontrolle Ihres finanziellen Erfolgs f\u00fchren.<\/p>\n\n\n\n<p>Die Tatsache, dass Sie den Weg zu diesem Artikel gefunden haben, ist bemerkenswert. Wir sind sicher, dass Sie ein ehrgeiziger Produzent sind. Die Chancen im internationalen Handel enden hier nicht. Wir haben Leitf\u00e4den zum Erwerb Ihrer Cannabislizenz f\u00fcr weitere L\u00e4nder verfasst, beispielsweise f\u00fcr D\u00e4nemark, Kolumbien, Thailand und Spanien. Sehen Sie sich unsere Ratgeber hier an: <a href=\"https:\/\/groweriq.ca\/how-to-get-a-cannabis-license-in-denmark\/\" target=\"_blank\" rel=\"noreferrer noopener\">Cannabis-Lizenz in D\u00e4nemark<\/a>, <a href=\"https:\/\/groweriq.ca\/how-to-get-a-cannabis-license-in-colombia\/\" target=\"_blank\" rel=\"noreferrer noopener\">Cannabis-Lizenz in Kolumbien<\/a>, <a href=\"https:\/\/groweriq.ca\/thailand-the-first-asian-country-to-legalize-cannabis\/\" target=\"_blank\" rel=\"noreferrer noopener\">Thailand: Das erste asiatische Land<\/a>, das Cannabis legalisiert, und <a href=\"https:\/\/groweriq.ca\/how-to-get-a-cannabis-license-in-spain\/\" target=\"_blank\" rel=\"noreferrer noopener\">Cannabis-Lizenz in Spanien<\/a>.<\/p>\n\n\n\n<h3 class=\"wp-block-heading\">Mehr erfahren<\/h3>\n\n\n\n<p>Die Seed-to-Sale-Software von GrowerIQ ist ein wichtiges System, das Ihnen dabei hilft, den Anbau von medizinischem Marihuana in der Schweiz einzuhalten. Unsere Experten k\u00f6nnen Ihnen dabei helfen, ein erfolgreiches internationales Cannabis-Unternehmen aufzubauen und sich dabei innerhalb aller rechtlichen Rahmenbedingungen zu engagieren. Um mehr zu erfahren, nehmen Sie Kontakt mit unseren Cannabis-Experten auf, indem Sie das untenstehende Formular ausf\u00fcllen.<\/p>\n\n\n\n<p><a style=\"outline: none; max-width: 450px;\" href=\"https:\/\/groweriq.ca\/consulting\/industry-expertise\/\">Sprechen Sie jetzt mit einem Cannabisberater<\/a><\/p>\n\n\n\n<p>\u00a0<\/p>\n<h2>\u00dcber GrowerIQ<\/h2>\nGrowerIQ ist eine komplette Cannabiskultivierungs-Management Plattform, die in Zusammenarbeit mit Master Grower Shlomo Booklin erstellt wurde. Es ist unsere Plattform, die als erste die Systeme Ihrer Produktionsst\u00e4tte integriert und dabei Sensoren, Anbau-Kontrolle, QMS und ERP in einem einzigen vereinfachten Interface umfasst. <br \/><br \/>Das Unternehmen hat Einsichten aus Shlomos mehr als 30 Jahren Erfahrung als Agronom in die Plattform einflie\u00dfen lassen. GrowerIQ nutzt firmeneigene Technologie Maschinellen Lernens, um die Produktionsst\u00e4tten-Automation zu verbessern und Kultivierenden mit Erkenntnissen zu versorgen, um die Qualit\u00e4t und Kontinuit\u00e4t zu verbessern. GrowerIQ ver\u00e4ndert die Art, wie Kultivierende Software verwenden &#8211; indem es eine regul\u00e4re Notwendigkeit in eine robuste Plattform transformiert, wo Lernen, Analyse und Verbesserung der Ertragsleistung m\u00f6glich ist. <br \/><br \/>Wenn Sie mehr \u00fcber GrowerIQ erfahren m\u00f6chten und dar\u00fcber, wie wir Ihnen helfen k\u00f6nnen, f\u00fcllen Sie das Formular auf der rechten Seite aus, starten Sie einen Chat oder <a href=\"https:\/\/groweriq.ca\/de\/kontaktieren-sie-uns\/\">kontaktieren Sie uns<\/a>.\n<h2 style=\"color: white !important;\">Fangen Sie heute an.<\/h2>\n<p style=\"color: white !important;\">Lassen Sie uns wissen, wie wir Sie erreichen k\u00f6nnen, und wir nehmen Kontakt zu Ihnen auf, um Ihr Projekt zu diskutieren.<\/p>\n<form id=\"sf_form_salesforce_w2l_lead_4\" action=\"#sf_form_salesforce_w2l_lead_4\" method=\"post\">\n<input id=\"sf_first_name\" name=\"first_name\" type=\"text\" value=\"\" placeholder=\"Name *\" \/>\n\u00a0\n<input id=\"sf_email\" name=\"email\" type=\"text\" value=\"\" placeholder=\"E-Mail *\" \/>\n\u00a0\n<textarea id=\"sf_description\" name=\"description\" placeholder=\"Nachricht\"><\/textarea>\n\u00a0\n<input id=\"sf_GCLID__c\" name=\"GCLID__c\" type=\"hidden\" value=\"\" \/><input id=\"sf_Utm_campaign__c\" name=\"Utm_campaign__c\" type=\"hidden\" value=\"Qualit\u00e4tssicherungs-Software\" \/><input id=\"sf_Utm_content__c\" name=\"Utm_content__c\" type=\"hidden\" value=\"0\" \/><input id=\"sf_Utm_medium__c\" name=\"Utm_medium__c\" type=\"hidden\" value=\"Post\" \/><input id=\"sf_Utm_source__c\" name=\"Utm_source__c\" type=\"hidden\" value=\"https:\/\/groweriq.ca\/\" \/><input id=\"sf_Utm_term__c\" name=\"Utm_term__c\" type=\"hidden\" value=\"\" \/><input id=\"sf_Referral_url__c\" name=\"Referral_url__c\" type=\"hidden\" value=\"\" \/><input style=\"display: none;\" name=\"message\" type=\"text\" value=\"\" \/><input name=\"form_id\" type=\"hidden\" value=\"4\" \/>\n<input name=\"w2lsubmit\" type=\"submit\" value=\"Beginnen\" \/>\n<\/form>\n<p style=\"color: white !important; font-size: 9px !important; line-height: 15px !important;\">GrowerIQ teilt, verkauft, vermietet oder tauscht keine pers\u00f6nlichen Informationen zu Werbezwecken mit Drittparteien. <a style=\"color: white !important; text-decoration: underline !important;\" href=\"https:\/\/groweriq.ca\/privacy-policy\/\">Datenschutzhinweise<\/a><\/p>\n<p>\u00a0<\/p>\n\n\n\n<h2 class=\"wp-block-heading\">Referenzen<\/h2>\n\n\n\n<ol class=\"wp-block-list\">\n<li>Hudock, C. 16. M\u00e4rz 2020. Der Schweizer Cannabismarkt genie\u00dft Vorteile, die EU-Konkurrenten nicht bieten k\u00f6nnen. Neue Grenzdaten. Abgerufen am 08.05.21 von<a href=\"https:\/\/newfrontierdata.com\/cannabis-insights\/swiss-cannabis-market-enjoys-advantages-unavailable-to-eu-competitors\/\" target=\"_blank\" rel=\"noreferrer noopener\"> https:\/\/newfrontierdata.com\/cannabis-insights\/swiss-cannabis-market-enjoys-advantages-unavailable-to-eu-competitors\/<\/a><\/li>\n\n\n\n<li>\u200cBundesamt f\u00fcr Gesundheit BAG. Pilotversuche mit Cannabis. Admin.ch. Ver\u00f6ffentlicht 2021. Abgerufen am 09.05.21 von<a href=\"https:\/\/www.bag.admin.ch\/bag\/en\/home\/gesund-leben\/sucht-und-gesundheit\/cannabis\/pilotprojekte.html\" target=\"_blank\" rel=\"noreferrer noopener\"> https:\/\/www.bag.admin.ch\/bag\/en\/home\/gesund-leben\/sucht-und-gesundheit\/cannabis\/pilotprojekte.html<\/a><\/li>\n\n\n\n<li>Potter, N. (2022, 22. Juni). Schweiz hebt Verbot von medizinischem Cannabis auf. Abgerufen am 27. Juni 2022 von der Website der High Times:<a href=\"https:\/\/hightimes.com\/news\/switzerland-to-lift-ban-on-medical-cannabis\/\" target=\"_blank\" rel=\"noreferrer noopener\"> https:\/\/hightimes.com\/news\/switzerland-to-lift-ban-on-medical-cannabis\/<\/a><\/li>\n<\/ol>\n\n\n\n<p>\u200c<\/p>\n","protected":false},"excerpt":{"rendered":"<p>Derzeit ist der Hanfanbau in der Schweiz v\u00f6llig legal. Wer eine Cannabis-Anbaulizenz anstrebt, kann dies nur \u00fcber neue Pilotprogramme erreichen. Es gibt keine nennenswerten M\u00f6glichkeiten zur Lizenzierung auf dem Schweizer Markt f\u00fcr medizinisches Marihuana, da dieses Programm \u00e4u\u00dferst begrenzt ist. Hier finden Sie einen \u00dcberblick \u00fcber den aktuellen Stand von Cannabis in der Schweiz.<\/p>\n","protected":false},"author":10,"featured_media":19144,"parent":0,"menu_order":0,"comment_status":"closed","ping_status":"closed","template":"","meta":{"_elementor_css":"","footnotes":""},"categories":[501,770,758,592,637,772],"tags":[537,638,771,773],"class_list":["post-12480","page","type-page","status-publish","has-post-thumbnail","hentry","category-cannabis-de","category-industrie-nachrichten","category-international-de","category-legalisierung","category-lizensierungsprozess","category-schweiz","tag-hanf-vorschriften","tag-lizensierungsprozess","tag-marktinformationen","tag-schweiz"],"_links":{"self":[{"href":"https:\/\/groweriq.ca\/de\/wp-json\/wp\/v2\/pages\/12480","targetHints":{"allow":["GET"]}}],"collection":[{"href":"https:\/\/groweriq.ca\/de\/wp-json\/wp\/v2\/pages"}],"about":[{"href":"https:\/\/groweriq.ca\/de\/wp-json\/wp\/v2\/types\/page"}],"author":[{"embeddable":true,"href":"https:\/\/groweriq.ca\/de\/wp-json\/wp\/v2\/users\/10"}],"replies":[{"embeddable":true,"href":"https:\/\/groweriq.ca\/de\/wp-json\/wp\/v2\/comments?post=12480"}],"version-history":[{"count":44,"href":"https:\/\/groweriq.ca\/de\/wp-json\/wp\/v2\/pages\/12480\/revisions"}],"predecessor-version":[{"id":29672,"href":"https:\/\/groweriq.ca\/de\/wp-json\/wp\/v2\/pages\/12480\/revisions\/29672"}],"wp:featuredmedia":[{"embeddable":true,"href":"https:\/\/groweriq.ca\/de\/wp-json\/wp\/v2\/media\/19144"}],"wp:attachment":[{"href":"https:\/\/groweriq.ca\/de\/wp-json\/wp\/v2\/media?parent=12480"}],"wp:term":[{"taxonomy":"category","embeddable":true,"href":"https:\/\/groweriq.ca\/de\/wp-json\/wp\/v2\/categories?post=12480"},{"taxonomy":"post_tag","embeddable":true,"href":"https:\/\/groweriq.ca\/de\/wp-json\/wp\/v2\/tags?post=12480"}],"curies":[{"name":"wp","href":"https:\/\/api.w.org\/{rel}","templated":true}]}}