{"id":12468,"date":"2022-06-02T03:43:51","date_gmt":"2022-06-02T07:43:51","guid":{"rendered":"https:\/\/groweriq.ca\/groweriq-cannabis-beratung-erstellung-uberprufung-und-anpassung-von-sops\/"},"modified":"2024-08-29T09:59:29","modified_gmt":"2024-08-29T13:59:29","slug":"groweriq-cannabis-beratung-erstellung-uberprufung-und-anpassung-von-sops","status":"publish","type":"page","link":"https:\/\/groweriq.ca\/de\/groweriq-cannabis-beratung-erstellung-uberprufung-und-anpassung-von-sops\/","title":{"rendered":"GrowerIQ Cannabis Beratung: Erstellung, \u00dcberarbeitung und Anpassung von SOPs"},"content":{"rendered":"\n<p>Cannabis-Standardarbeitsanweisungen (<a href=\"https:\/\/groweriq.ca\/de\/2021\/04\/03\/der-ultimative-leitfaden-zu-sops-standard-operating-procedures-standardvorgehensweisen-fur-die-cannabis-industrie-teil-i\/\" target=\"_blank\" rel=\"noreferrer noopener\">Cannabis SOPs<\/a>) sind ein wesentlicher Bestandteil Ihres Cannabislizenzantrags. Von jedem Lizenzbewerber wird ein vollst\u00e4ndiger und umfassender Satz von SOPs erwartet. Im Qualit\u00e4tsmanagement erkl\u00e4rt ein Qualit\u00e4tshandbuch, welche Vorschriften und Gesetze f\u00fcr ein Unternehmen gelten. Die SOPs sind &#8222;untergeordnete&#8220; Dokumente des Qualit\u00e4tshandbuchs, in denen erkl\u00e4rt wird, wie die Aktivit\u00e4ten kontrolliert durchgef\u00fchrt werden, um diese Gesetze und Vorschriften einzuhalten. Daher ist die Erstellung von SOPs ein sehr wichtiger Schritt in jedem Projekt.    <\/p>\n\n\n\n<p>Viele Antragsteller von Cannabis-Lizenzen beziehen ihre SOPs von einem Drittanbieter. Mustervorlagen f\u00fcr Standard-Betriebsanweisungen f\u00fcr Cannabis sind eine gute M\u00f6glichkeit f\u00fcr den Anfang, sie m\u00fcssen jedoch an Ihr jeweiliges Unternehmen individuell angepasst werden. Selbst wenn Sie f\u00fcr die meisten Ihrer SOPs Vorlagen erhalten k\u00f6nnen, werden Sie einige davon selbst schreiben m\u00fcssen. Die Anpassung von SOPs bis zur letzten Minute aufzuschieben, ist ein gro\u00dfer Fehler. Schlie\u00dflich m\u00f6chten Sie nicht bis zur letzten Minute warten und dann feststellen, dass Ihnen eines fehlt. <\/p>\n\n\n\n<p>Durch die Zusammenarbeit mit GrowerIQ k\u00f6nnen Sie Chaos und Verz\u00f6gerungen vermeiden. GrowerIQ bietet Vorlagen f\u00fcr die wichtigsten SOPs und ausgew\u00e4hlte erg\u00e4nzende Dokumente wie Arbeitsanweisungen und Formulare. Unser Team von Beratern und Qualit\u00e4tssicherungsexperten kann Ihnen umfassende SOP-Vorlagen f\u00fcr Cannabis zur Verf\u00fcgung stellen, Ihnen bei der Erstellung und Anpassung von SOPs behilflich sein und auf m\u00f6gliche SOP-L\u00fccken und -Erfordernisse eingehen, damit es keine \u00dcberraschungen gibt, wenn Sie Ihren Antrag einreichen.<\/p>\n\n\n\n<h3 class=\"wp-block-heading\">GrowerIQ Dienstleistungen<\/h3>\n\n\n\n<ul class=\"wp-block-list\">\n<li>L\u00fcckenanalyse der bestehenden SOPs<\/li>\n\n\n\n<li>Erstellung, Bearbeitung und \u00dcberarbeitung von SOPs<\/li>\n\n\n\n<li>Individuelle neue SOP erstellen <\/li>\n\n\n\n<li>Vollst\u00e4ndig angepasste SOPs f\u00fcr GPP\/GMP-Cannabis zum Kauf erh\u00e4ltlich<\/li>\n<\/ul>\n\n\n\n<h2 class=\"wp-block-heading\">Welche Cannabis-SOPs verlangt Health Canada?<\/h2>\n\n\n\n<p>Health Canada verlangt von Ihnen<a href=\"http:\/\/groweriq.ca\/seed-for-success\/cannabis-standard-operating-procedures\/\" target=\"_blank\" rel=\"noreferrer noopener\"> Cannabis-Standardarbeitsanweisungen <\/a>f\u00fcr alle Aktivit\u00e4ten, die mit der Produktion, Verarbeitung und Herstellung von Cannabis zu tun haben [1]. Dazu geh\u00f6ren indirekte Aktivit\u00e4ten wie Hygiene, Aufzeichnungen, Mitarbeiterschulungen und mehr! SOPs m\u00fcssen ein standardisiertes Format aufweisen. SOPs bestehen in der Regel aus Abschnitten, die Zweck und Anwendungsbereich, Definitionen, Verantwortlichkeiten, das eigentliche Verfahren, Verweise und &#8211; ganz wichtig &#8211; ein \u00c4nderungskontrollprotokoll enthalten, in dem alle vorgenommenen \u00c4nderungen dokumentiert werden.   <\/p>\n\n\n\n<h3 class=\"wp-block-heading\">Beispiele f\u00fcr SOPs f\u00fcr Cannabis-Unternehmen<\/h3>\n\n\n\n<ul class=\"wp-block-list\">\n<li>Hygiene der Anlage und der Ausr\u00fcstung<\/li>\n\n\n\n<li>Hygiene der Mitarbeiter<\/li>\n\n\n\n<li>Vertrieb, einschlie\u00dflich Weitergabe, und Empfang von Cannabis und Inhaltsstoffen<\/li>\n\n\n\n<li>Herstellung und Produktion von Cannabis und Inhaltsstoffen<\/li>\n\n\n\n<li>Probenahme und Tests von Cannabis<\/li>\n\n\n\n<li>Verpackung und Etikettierung<\/li>\n\n\n\n<li>Lagerung von Produkten und Vorr\u00e4ten, einschlie\u00dflich Quarant\u00e4ne und Freigabeverfahren<\/li>\n<\/ul>\n\n\n\n<h3 class=\"wp-block-heading\">Mehr erfahren<\/h3>\n\n\n\n<p>Die Experten von <a href=\"https:\/\/groweriq.ca\/de\/\">GrowerIQ <\/a>k\u00f6nnen Ihnen dabei helfen, ein erfolgreiches Cannabisunternehmen zu gr\u00fcnden und jeden rechtlichen Rahmen einzuhalten. Um mehr zu erfahren, kontaktieren Sie jetzt unsere Cannabis-Experten, indem Sie auf die Schaltfl\u00e4che klicken und das untenstehende Formular ausf\u00fcllen.  <\/p>\n\n\n\n<a class=\"x-btn\" href=\"https:\/\/groweriq.ca\/consulting\/standard-operating-procedures\" style=\"outline: none; max-width: 500px;\">Passen Sie jetzt Ihre SOPs an<\/a><p><\/p>\n\n\n<div class=\"cs-content x-global-block x-global-block-6565 e6565-e0\"><div class=\"x-section e6565-e2 m52d-0\"><div class=\"x-row x-container max width e6565-e3 m52d-1 m52d-2\"><div class=\"x-row-inner\"><div class=\"x-col e6565-e4 m52d-3\"><div class=\"x-text x-text-headline e6565-e5 m52d-4\"><div class=\"x-text-content\"><div class=\"x-text-content-text\"><h2 class=\"x-text-content-text-primary\">Recommended For You<\/h2>\n<\/div><\/div><\/div><div  class=\"x-recent-posts cf horizontal\"  data-x-element=\"recent_posts\" data-x-params=\"{&quot;fade&quot;:false}\" data-fade=\"false\" ><a class=\"x-recent-post3 with-image\" href=\"https:\/\/groweriq.ca\/de\/2024\/06\/18\/neue-cannabis-gesetzgebung-in-deutschland-abschaffung-oeffentlicher-cannabis-ausschreibungen\/\" title=\"Permalink to: &quot;Neue Cannabis-Gesetzgebung in Deutschland: Abschaffung \u00f6ffentlicher Cannabis-Ausschreibungen&quot;\"><article id=\"post-27809\" class=\"post-27809 post type-post status-publish format-standard has-post-thumbnail hentry category-deutschland category-international-de category-unkategorisiert tag-cannabis-industrie tag-cannabis-unternehmen\"><div class=\"entry-wrap\"><div class=\"x-recent-posts-img\" style=\"background-image: url(https:\/\/groweriq.ca\/wp-content\/uploads\/2024\/05\/esteban-lopez-cQtAjvP6hUQ-unsplash-1.jpg);\"><i class='x-framework-icon x-recent-posts-icon' data-x-icon-s='&#xf15c;' aria-hidden=true><\/i><\/div><div class=\"x-recent-posts-content\"><h3 class=\"h-recent-posts\">Neue Cannabis-Gesetzgebung in Deutschland: Abschaffung \u00f6ffentlicher Cannabis-Ausschreibungen<\/h3><span class=\"x-recent-posts-date\">18. Juni 2024<\/span><\/div><\/div><\/article><\/a><a class=\"x-recent-post3 with-image\" href=\"https:\/\/groweriq.ca\/de\/2024\/06\/14\/voraussetzungen-fuer-die-gruendung-einer-anbauervereinigung-oder-eines-cannabisclubs\/\" title=\"Permalink to: &quot;Voraussetzungen f\u00fcr die Gr\u00fcndung einer Anbauervereinigung oder eines Cannabisclubs.&quot;\"><article id=\"post-27760\" class=\"post-27760 post type-post status-publish format-standard has-post-thumbnail hentry category-deutschland category-unkategorisiert tag-cannabis-industrie tag-cannabis-unternehmen\"><div class=\"entry-wrap\"><div class=\"x-recent-posts-img\" style=\"background-image: url(https:\/\/groweriq.ca\/wp-content\/uploads\/2024\/05\/esteban-lopez-_k6g3qSnYIo-unsplash-1.jpg);\"><i class='x-framework-icon x-recent-posts-icon' data-x-icon-s='&#xf15c;' aria-hidden=true><\/i><\/div><div class=\"x-recent-posts-content\"><h3 class=\"h-recent-posts\">Voraussetzungen f\u00fcr die Gr\u00fcndung einer Anbauervereinigung oder eines Cannabisclubs.<\/h3><span class=\"x-recent-posts-date\">14. Juni 2024<\/span><\/div><\/div><\/article><\/a><a class=\"x-recent-post3 with-image\" href=\"https:\/\/groweriq.ca\/de\/2024\/06\/11\/was-sie-ueber-cannabis-social-club-software-wissen-sollten\/\" title=\"Permalink to: &quot;10 Dinge, man \u00fcber Cannabis Social Club Software wissen sollte&quot;\"><article id=\"post-27758\" class=\"post-27758 post type-post status-publish format-standard has-post-thumbnail hentry category-cannabis-social-club-de category-seed-to-sale-vom-samen-zum-verkauf tag-cannabis-industrie tag-cannabis-unternehmen\"><div class=\"entry-wrap\"><div class=\"x-recent-posts-img\" style=\"background-image: url(https:\/\/groweriq.ca\/wp-content\/uploads\/2024\/04\/cannabis-social-club-software-870x520.jpeg);\"><i class='x-framework-icon x-recent-posts-icon' data-x-icon-s='&#xf15c;' aria-hidden=true><\/i><\/div><div class=\"x-recent-posts-content\"><h3 class=\"h-recent-posts\">10 Dinge, man \u00fcber Cannabis Social Club Software wissen sollte<\/h3><span class=\"x-recent-posts-date\">11. Juni 2024<\/span><\/div><\/div><\/article><\/a><\/div><\/div><\/div><\/div><\/div><\/div>\n\n\n\n<br\/><br\/><div class=\"e4174-8 x-container max width\">\n    \n<div class=\"e4174-9 x-column x-sm x-1-2\">\n    \n<div class=\"e4174-10 x-text x-text-headline\">\n  <div class=\"x-text-content\"><div class=\"x-text-content-text\"><h2 class=\"x-text-content-text-primary\"><span style=\"color: rgb(11,74,109);\">\u00dcber GrowerIQ<\/span><\/h2><\/div><\/div><\/div>\n\n<div class=\"e4174-11 x-bar-content-area globalBlockFooter\"> GrowerIQ ist eine komplette Cannabiskultivierungs-Management Plattform, die in Zusammenarbeit mit Master Grower Shlomo Booklin erstellt wurde. Wir bieten die erste Plattform, die Ihre Anlagensysteme, einschlie\u00dflich Sensoren, Geb\u00e4udekontrolle, QMS und ERP, in eine einzige, vereinfachte Schnittstelle integriert. <br\/><br\/> Das Unternehmen hat Einsichten aus Shlomos mehr als 30 Jahren Erfahrung als Agronom in die Plattform einflie\u00dfen lassen. GrowerIQ nutzt die firmeneigene Technologie des maschinellen Lernens, um die Automatisierung der Anlagen zu verbessern und den Produzenten Einblicke zur Verbesserung der Qualit\u00e4t und Einheitlichkeit zu gew\u00e4hren. GrowerIQ ver\u00e4ndert die Art, wie Kultivierende Software verwenden &#8211; indem es eine regul\u00e4re Notwendigkeit in eine robuste Plattform transformiert, wo Lernen, Analyse und Verbesserung der Ertragsleistung m\u00f6glich ist. <br\/><br\/> Wenn Sie mehr \u00fcber GrowerIQ erfahren m\u00f6chten und dar\u00fcber, wie wir Ihnen helfen k\u00f6nnen, f\u00fcllen Sie das Formular auf der rechten Seite aus, starten Sie einen Chat oder <a class=\"link\" href=\"https:\/\/groweriq.ca\/de\/kontaktieren-sie-uns\/\">kontaktieren Sie uns<\/a>.<\/div>\n<\/div>\n\n<div class=\"e4174-12 x-column x-sm x-1-2 x-hide-sm x-hide-xs\" style=\"background-color: rgb(11,74,109); padding: 25px;\">\n    \n<div class=\"e4174-13 x-bar-content-area x-hide-sm x-hide-xs\">\n  <h2 style=\"color: white !important;\">Starten Sie noch heute.<\/h2>\n<p style=\"color: white !important;\">Lassen Sie uns wissen, wie wir Sie erreichen k\u00f6nnen, und wir nehmen Kontakt zu Ihnen auf, um Ihr Projekt zu diskutieren.<\/p>\n<div class=\"salesforce_w2l_lead sf_one_column\"><form id=\"sf_form_salesforce_w2l_lead_4\" class=\"w2llead placeholders\" method=\"post\" action=\"#sf_form_salesforce_w2l_lead_4\"><div class=\"sf_field sf_field_first_name sf_type_text\">\t<input type=\"text\" placeholder=\"Name *\" value=\"\" id=\"sf_first_name\" class=\"w2linput text\" name=\"first_name\"\/><div class=\"clearfix\"><\/div><\/div><div class=\"sf_field sf_field_email sf_type_text\">\t<input type=\"text\" placeholder=\"E-Mail *\" value=\"\" id=\"sf_email\" class=\"w2linput text\" name=\"email\"\/><div class=\"clearfix\"><\/div><\/div><div class=\"sf_field sf_field_description sf_type_textarea\">\t\t<textarea id=\"sf_description\" class=\"w2linput textarea\" name=\"description\" placeholder=\"Nachricht\"><\/textarea><div class=\"clearfix\"><\/div><\/div>\t\t<input type=\"hidden\" id=\"sf_GCLID__c\" class=\"w2linput hidden\" name=\"GCLID__c\" value=\"\"\/><input type=\"hidden\" id=\"sf_Utm_campaign__c\" class=\"w2linput hidden\" name=\"Utm_campaign__c\" value=\"Qualit\u00e4tssicherungs-Software\"\/><input type=\"hidden\" id=\"sf_Utm_content__c\" class=\"w2linput hidden\" name=\"Utm_content__c\" value=\"0\"\/><input type=\"hidden\" id=\"sf_Utm_medium__c\" class=\"w2linput hidden\" name=\"Utm_medium__c\" value=\"Post\"\/><input type=\"hidden\" id=\"sf_Utm_source__c\" class=\"w2linput hidden\" name=\"Utm_source__c\" value=\"https:\/\/groweriq.ca\/\"\/><input type=\"hidden\" id=\"sf_Utm_term__c\" class=\"w2linput hidden\" name=\"Utm_term__c\" value=\"\"\/><input type=\"hidden\" id=\"sf_Referral_url__c\" class=\"w2linput hidden\" name=\"Referral_url__c\" value=\"\"\/><input type=\"text\" name=\"message\" class=\"w2linput\" value=\"\" style=\"display: none;\"\/><input type=\"hidden\" name=\"form_id\" class=\"w2linput\" value=\"4\"\/><div class=\"w2lsubmit\"><input type=\"submit\" name=\"w2lsubmit\" class=\"w2linput submit\" value=\"Beginnen\"\/><\/div><\/form><\/div>\n\n<p style=\"color: white !important; font-size: 9px !important; line-height: 15px !important;\">GrowerIQ teilt, verkauft, vermietet oder tauscht keine pers\u00f6nlichen Informationen zu Werbezwecken mit Drittparteien. <a href=\"https:\/\/groweriq.ca\/privacy-policy\/\" style=\"color: white !important; text-decoration: underline !important;\">Datenschutzhinweise<\/a><\/p><\/div>\n<\/div>\n<\/div>\n<br\/><br\/>\n\n\n\n<h2 class=\"wp-block-heading\">Referenzen<\/h2>\n\n\n\n<ol class=\"wp-block-list\">\n<li>Health Canada. Leitfaden: <a href=\"https:\/\/www.canada.ca\/en\/health-canada\/services\/cannabis-regulations-licensed-producers\/good-production-practices-guide\/guidance-document.html#a5\" target=\"_blank\" rel=\"noreferrer noopener\">Good production practices guide for cannabis<\/a>. Canada.ca. Ver\u00f6ffentlicht 2019. Abgerufen am 10. Mai 2021.    <\/li>\n<\/ol>\n","protected":false},"excerpt":{"rendered":"<p>Cannabis-Standardarbeitsanweisungen (Cannabis SOPs) sind ein wesentlicher Bestandteil Ihres Cannabislizenzantrags. Von jedem Lizenzbewerber wird ein vollst\u00e4ndiger und umfassender Satz von SOPs erwartet. Im Qualit\u00e4tsmanagement erkl\u00e4rt ein Qualit\u00e4tshandbuch, welche Vorschriften und Gesetze f\u00fcr ein Unternehmen gelten. Die SOPs sind &#8222;untergeordnete&#8220; Dokumente des Qualit\u00e4tshandbuchs, in denen erkl\u00e4rt wird, &#8230; <\/p>\n<div><a href=\"https:\/\/groweriq.ca\/de\/2024\/06\/11\/was-sie-ueber-cannabis-social-club-software-wissen-sollten\/\" class=\"more-link\">Read More<\/a><\/div>\n","protected":false},"author":10,"featured_media":0,"parent":0,"menu_order":0,"comment_status":"closed","ping_status":"closed","template":"","meta":{"_elementor_css":"","footnotes":""},"categories":[766,485,492],"tags":[765,612,768,769],"class_list":["post-12468","page","type-page","status-publish","hentry","category-beratung","category-lizensierter-produzent","category-qualitatssicherung","tag-antrag-auf-cannabis-lizenz-de","tag-cannabis-beratung","tag-cannabis-sops-de-2","tag-standard-betriebsverfahren","no-post-thumbnail"],"_links":{"self":[{"href":"https:\/\/groweriq.ca\/de\/wp-json\/wp\/v2\/pages\/12468","targetHints":{"allow":["GET"]}}],"collection":[{"href":"https:\/\/groweriq.ca\/de\/wp-json\/wp\/v2\/pages"}],"about":[{"href":"https:\/\/groweriq.ca\/de\/wp-json\/wp\/v2\/types\/page"}],"author":[{"embeddable":true,"href":"https:\/\/groweriq.ca\/de\/wp-json\/wp\/v2\/users\/10"}],"replies":[{"embeddable":true,"href":"https:\/\/groweriq.ca\/de\/wp-json\/wp\/v2\/comments?post=12468"}],"version-history":[{"count":13,"href":"https:\/\/groweriq.ca\/de\/wp-json\/wp\/v2\/pages\/12468\/revisions"}],"predecessor-version":[{"id":29596,"href":"https:\/\/groweriq.ca\/de\/wp-json\/wp\/v2\/pages\/12468\/revisions\/29596"}],"wp:attachment":[{"href":"https:\/\/groweriq.ca\/de\/wp-json\/wp\/v2\/media?parent=12468"}],"wp:term":[{"taxonomy":"category","embeddable":true,"href":"https:\/\/groweriq.ca\/de\/wp-json\/wp\/v2\/categories?post=12468"},{"taxonomy":"post_tag","embeddable":true,"href":"https:\/\/groweriq.ca\/de\/wp-json\/wp\/v2\/tags?post=12468"}],"curies":[{"name":"wp","href":"https:\/\/api.w.org\/{rel}","templated":true}]}}