{"id":12417,"date":"2022-05-30T06:55:50","date_gmt":"2022-05-30T10:55:50","guid":{"rendered":"https:\/\/groweriq.ca\/person-fur-die-qualitatssicherung-fur-cannabis-unternehmen-fraktioniert\/"},"modified":"2025-06-29T14:38:43","modified_gmt":"2025-06-29T18:38:43","slug":"person-fur-die-qualitatssicherung-fur-cannabis-unternehmen-fraktioniert","status":"publish","type":"page","link":"https:\/\/groweriq.ca\/de\/person-fur-die-qualitatssicherung-fur-cannabis-unternehmen-fraktioniert\/","title":{"rendered":"Fraktionslose Qualit\u00e4tssicherungsperson f\u00fcr Cannabisunternehmen"},"content":{"rendered":"\n<p>Bei der Beantragung Ihrer Lizenz f\u00fcr die Cannabisproduktion wird sofort deutlich, dass Sie eine Qualit\u00e4tssicher<strong> <\/strong>Fachkraft brauchen, die <strong><a href=\"https:\/\/groweriq.ca\/de\/2021\/04\/03\/der-ultimative-leitfaden-zu-sops-standard-operating-procedures-standardvorgehensweisen-fur-die-cannabis-industrie-teil-i\/\" target=\"_blank\" rel=\"noreferrer noopener\">Cannabis SOPs<\/a><\/strong> erstellt und <a href=\"https:\/\/cannaspire.com\/cannabis-gmp-a-comprehensive-guide-to-ensuring-quality-and-compliance-from-seed-to-sale\/\" target=\"_blank\" rel=\"noopener\"><strong>die Compliance Ihres Betriebs absichert<\/strong><\/a>.\u201c Eine fraktionierte Qualit\u00e4tssicherungsperson (QAP) ist \u00e4hnlich wie eine zugelassene QAP, aber sie muss nicht st\u00e4ndig vor Ort sein.<\/p>\n\n\n\n<p><a href=\"https:\/\/cansatconsulting.com\/fractional-compliance-officer-in-the-united-states-cannabis-industry-a-cost-effective-compliance-solution\/\" target=\"_blank\" rel=\"noopener\"><strong>Dies kann f\u00fcr diejenigen von gro\u00dfem Vorteil sein<\/strong><\/a>, die zu dem Zeitpunkt, an dem Sie Ihren Antrag auf eine Cannabislizenz vorbereiten und einreichen, noch nicht bereit sind, einen Vollzeitmitarbeiter f\u00fcr die Qualit\u00e4tssicherung einzustellen. Auch kleinere Verarbeiter k\u00f6nnen davon profitieren, nachdem sie ihre Lizenz erhalten haben, da die t\u00e4gliche Arbeit m\u00f6glicherweise nicht ausreicht, um einen Vollzeitmitarbeiter f\u00fcr die Qualit\u00e4tssicherung zu besch\u00e4ftigen. F\u00fcr Standard- und Mikroverarbeitungslizenzen ist eine QAP gesetzlich vorgeschrieben; reine Anbaulizenzen k\u00f6nnen eine QAP freiwillig benennen.<\/p>\n\n\n\n<figure class=\"wp-block-image size-full\"><img decoding=\"async\" src=\"https:\/\/groweriq.ca\/wp-content\/uploads\/2025\/06\/397.jpg\" alt=\"Eine Qualit\u00e4tssicher Fachkraft untersucht Cannabisproben in einer Petrischale im Freien \u2013 Teil des Qualit\u00e4tssicherungsprozesses im Anbau.\" class=\"wp-image-37175\" style=\"aspect-ratio:16\/9;object-fit:cover\"\/><\/figure>\n\n\n\n<h2 class=\"wp-block-heading\">Zusammenarbeit mit einem fraktionierten QAP f\u00fcr die Cannabis-Lizenzierung<\/h2>\n\n\n\n<p>Bei der Zusammenarbeit mit einem Fractional QAP steht Ihnen dieser zu bestimmten Zeiten vor Ort zur Verf\u00fcgung, um alle Aktivit\u00e4ten zu \u00fcberwachen und das Personal bei allen QS-bezogenen Fragen zu unterst\u00fctzen und anzuleiten. Um die Lizenzinhaber kontinuierlich zu unterst\u00fctzen, wird ein Qualit\u00e4tssicherungsbeauftragter (QAP) technisches Wissen und Informationen bereitstellen, um sicherzustellen, dass die Aktivit\u00e4ten und Prozesse in \u00dcbereinstimmung mit den Cannabisbestimmungen durchgef\u00fchrt werden.<\/p>\n\n\n\n<h3 class=\"wp-block-heading\">Was ist der Unterschied zwischen einer Qualit\u00e4tssicherungsperson und einem fraktionierten QAP?<\/h3>\n\n\n\n<p>Der einzige Unterschied zwischen einer Qualit\u00e4tssicherungsperson und einer fraktionierten QAP besteht darin, dass die fraktionierte QAP nicht ganzt\u00e4gig vor Ort sein muss, vorausgesetzt, dass ein organisierter Arbeitsplan mit einer Zusammenfassung der Aufgaben und Verantwortlichkeiten f\u00fcr den lizenzierten Standort den Bestimmungen gem\u00e4\u00df dem Lizenzantrag entspricht.<\/p>\n\n\n\n<h2 class=\"wp-block-heading\">Wie eine fraktionierte QAP Ihrem Cannabis-Unternehmen helfen kann<\/h2>\n\n\n\n<p>Die Zusammenarbeit mit einer fraktionierten QAP unterscheidet sich nicht wesentlich von der Einstellung einer festen Qualit\u00e4tssicherungsperson, mit der Ausnahme, dass sie nicht jeden Tag vor Ort ist. Zu den Aufgaben einer fraktionierten QAP geh\u00f6ren:<\/p>\n\n\n\n<ul class=\"wp-block-list\">\n<li>Entwicklung und Genehmigung von SOPs<\/li>\n\n\n\n<li>Erstellung eines <a href=\"http:\/\/groweriq.ca\/groweriq-cannabis-consulting-quality-manual-and-process-flow-support\/\" target=\"_blank\" rel=\"noreferrer noopener\"><strong>Qualit\u00e4tshandbuchs<\/strong><\/a><\/li>\n\n\n\n<li>Sch\u00e4dlingsbek\u00e4mpfungsmanagement und Pestizidtests<\/li>\n\n\n\n<li>Qualit\u00e4tskontrolle in Bezug auf den Verkehr, die Lagerung und den Vertrieb von Produkten<\/li>\n\n\n\n<li>GPP in Bezug auf Einrichtungen (einschlie\u00dflich Luftfilterung und Bel\u00fcftung, Beleuchtung, Wasserversorgung, Temperatur- und Feuchtigkeitskontrolle sowie Abfallentsorgung), Ausr\u00fcstung (einschlie\u00dflich Transportmittel), Hygiene und Schutz der Mitarbeiter<\/li>\n\n\n\n<li>Untersuchungen und Risikominderung in Bezug auf:\n<ul class=\"wp-block-list\">\n<li>Cannabis oder Inhaltsstoffe, die eine Gefahr f\u00fcr die menschliche Gesundheit darstellen<\/li>\n\n\n\n<li>Die Anforderungen von Teil 5 oder 6 werden nicht erf\u00fcllt<\/li>\n<\/ul>\n<\/li>\n\n\n\n<li>Bearbeitung und Pr\u00fcfung von Reklamationen<\/li>\n\n\n\n<li>Genehmigung der Produktqualit\u00e4t vor der Freigabe zum Verkauf<\/li>\n\n\n\n<li>Analytische Tests und Validierung von Testmethoden<\/li>\n\n\n\n<li>Mikrobielle und chemische Verunreinigungen<\/li>\n\n\n\n<li>Zerfalls-\/Aufl\u00f6sungstests, falls zutreffend<\/li>\n\n\n\n<li>Gehalt an Cannabinoiden (THC, THCA, CBD und CBDA, soweit zutreffend)<\/li>\n\n\n\n<li>Probenentnahme und Aufbewahrung<\/li>\n<\/ul>\n\n\n\n<h2 class=\"wp-block-heading\">Warum sollten Sie sich f\u00fcr eine GrowerIQ fraktionierte Qualit\u00e4tssicherungsperson entscheiden?<\/h2>\n\n\n\n<p>Neben den vielen Aufgaben, die er erf\u00fcllen kann, ist ein fraktionierter QAP in der Lage, Sie bei der monatlichen Berichterstattung an Health Canada und die Canadian Revenue Agency (CRA) zu unterst\u00fctzen. Durch die Zusammenarbeit mit einem Fraktions-QAP, der mit der GowerIQ Seed-to-Sale Software und den Dienstleistungen zur <a href=\"http:\/\/groweriq.ca\/cannabis-consulting-sop-creation\/\" target=\"_blank\" rel=\"noreferrer noopener\"><strong>Erstellung von SOPs<\/strong> <\/a>vertraut ist, kann Ihr Unternehmen gest\u00e4rkt und die Einhaltung der Vorschriften rationalisiert werden. Wenn Sie dar\u00fcber nachdenken, die SOP-Vorlagen und die Software von GrowerIQ zu nutzen, kann ein Fraktions-QAP Ihnen dabei helfen, sie an Ihr Unternehmen anzupassen und sicherzustellen, dass sie ordnungsgem\u00e4\u00df umgesetzt werden.<\/p>\n\n\n\n<figure class=\"wp-block-image size-full\"><img decoding=\"async\" src=\"https:\/\/groweriq.ca\/wp-content\/uploads\/2025\/06\/26700.jpg\" alt=\"Ein Arzt pr\u00e4sentiert eine Cannabispflanze und ein \u00d6lfl\u00e4schchen als Teil eines Qualit\u00e4tssicher Programms f\u00fcr medizinische Cannabisprodukte.\" class=\"wp-image-37182\" style=\"aspect-ratio:16\/9;object-fit:cover\"\/><\/figure>\n\n\n\n<h2 class=\"wp-block-heading\">Erfahren Sie mehr<\/h2>\n\n\n\n<p>Sind Sie immer noch unsicher, ob ein Mitarbeiter f\u00fcr die fraktionierte Qualit\u00e4tssicherung das Richtige f\u00fcr Ihr Unternehmen ist? Kontaktieren Sie die professionellen Berater von <a href=\"https:\/\/groweriq.ca\/de\/\" target=\"_blank\" rel=\"noreferrer noopener\"><strong>GrowerIQ<\/strong><\/a>. Egal, ob Sie mit Startups oder erfahrenen Mitarbeitern arbeiten, unsere Experten k\u00f6nnen Ihnen helfen, ein erfolgreiches Cannabisunternehmen zu gr\u00fcnden, das alle gesetzlichen Rahmenbedingungen einh\u00e4lt. Um mehr zu erfahren, k\u00f6nnen Sie sich mit unseren Cannabis-Experten in Verbindung setzen, indem Sie auf die Schaltfl\u00e4che klicken oder das untenstehende Formular ausf\u00fcllen.<\/p>\n\n\n\n<a class=\"x-btn\" href=\"https:\/\/groweriq.ca\/consulting\/industry-expertise\/\" style=\"max-width: 500px\">Sprechen Sie mit unseren Expertenberatern<\/a><p><\/p>\n\n\n<div class=\"cs-content x-global-block x-global-block-4174 e4174-e0\"><div class=\"x-section e4174-e2 m37y-0 m37y-1\"><div class=\"x-row x-container max width e4174-e3 m37y-3 m37y-4\"><div class=\"x-row-inner\"><div class=\"x-col e4174-e4 m37y-5\"><hr class=\"x-line e4174-e5 m37y-6\"\/><div class=\"x-text x-text-headline e4174-e6 m37y-7 m37y-8\"><div class=\"x-text-content\"><div class=\"x-text-content-text\"><h2 class=\"x-text-content-text-primary\">Recommended For You<\/h2>\n<\/div><\/div><\/div><div  class=\"x-recent-posts cf horizontal\"  data-x-element=\"recent_posts\" data-x-params=\"{&quot;fade&quot;:false}\" data-fade=\"false\" ><a class=\"x-recent-post3 with-image\" href=\"https:\/\/groweriq.ca\/de\/2024\/06\/18\/neue-cannabis-gesetzgebung-in-deutschland-abschaffung-oeffentlicher-cannabis-ausschreibungen\/\" title=\"Permalink to: &quot;Neue Cannabis-Gesetzgebung in Deutschland: Abschaffung \u00f6ffentlicher Cannabis-Ausschreibungen&quot;\"><article id=\"post-27809\" class=\"post-27809 post type-post status-publish format-standard has-post-thumbnail hentry category-deutschland category-international-de category-unkategorisiert tag-cannabis-industrie tag-cannabis-unternehmen\"><div class=\"entry-wrap\"><div class=\"x-recent-posts-img\" style=\"background-image: url(https:\/\/groweriq.ca\/wp-content\/uploads\/2024\/05\/esteban-lopez-cQtAjvP6hUQ-unsplash-1.jpg);\"><i class='x-framework-icon x-recent-posts-icon' data-x-icon-s='&#xf15c;' aria-hidden=true><\/i><\/div><div class=\"x-recent-posts-content\"><h3 class=\"h-recent-posts\">Neue Cannabis-Gesetzgebung in Deutschland: Abschaffung \u00f6ffentlicher Cannabis-Ausschreibungen<\/h3><span class=\"x-recent-posts-date\">18. Juni 2024<\/span><\/div><\/div><\/article><\/a><a class=\"x-recent-post3 with-image\" href=\"https:\/\/groweriq.ca\/de\/2024\/06\/14\/voraussetzungen-fuer-die-gruendung-einer-anbauervereinigung-oder-eines-cannabisclubs\/\" title=\"Permalink to: &quot;Voraussetzungen f\u00fcr die Gr\u00fcndung einer Anbauervereinigung oder eines Cannabisclubs.&quot;\"><article id=\"post-27760\" class=\"post-27760 post type-post status-publish format-standard has-post-thumbnail hentry category-deutschland category-unkategorisiert tag-cannabis-industrie tag-cannabis-unternehmen\"><div class=\"entry-wrap\"><div class=\"x-recent-posts-img\" style=\"background-image: url(https:\/\/groweriq.ca\/wp-content\/uploads\/2024\/05\/esteban-lopez-_k6g3qSnYIo-unsplash-1.jpg);\"><i class='x-framework-icon x-recent-posts-icon' data-x-icon-s='&#xf15c;' aria-hidden=true><\/i><\/div><div class=\"x-recent-posts-content\"><h3 class=\"h-recent-posts\">Voraussetzungen f\u00fcr die Gr\u00fcndung einer Anbauervereinigung oder eines Cannabisclubs.<\/h3><span class=\"x-recent-posts-date\">14. Juni 2024<\/span><\/div><\/div><\/article><\/a><a class=\"x-recent-post3 with-image\" href=\"https:\/\/groweriq.ca\/de\/2024\/06\/11\/was-sie-ueber-cannabis-social-club-software-wissen-sollten\/\" title=\"Permalink to: &quot;10 Dinge, man \u00fcber Cannabis Social Club Software wissen sollte&quot;\"><article id=\"post-27758\" class=\"post-27758 post type-post status-publish format-standard has-post-thumbnail hentry category-cannabis-social-club-de category-seed-to-sale-vom-samen-zum-verkauf tag-cannabis-industrie tag-cannabis-unternehmen\"><div class=\"entry-wrap\"><div class=\"x-recent-posts-img\" style=\"background-image: url(https:\/\/groweriq.ca\/wp-content\/uploads\/2024\/04\/cannabis-social-club-software-870x520.jpeg);\"><i class='x-framework-icon x-recent-posts-icon' data-x-icon-s='&#xf15c;' aria-hidden=true><\/i><\/div><div class=\"x-recent-posts-content\"><h3 class=\"h-recent-posts\">10 Dinge, man \u00fcber Cannabis Social Club Software wissen sollte<\/h3><span class=\"x-recent-posts-date\">11. Juni 2024<\/span><\/div><\/div><\/article><\/a><\/div><\/div><\/div><\/div><\/div><div class=\"x-section e4174-e8 m37y-1 m37y-2\"><div class=\"x-container max width e4174-e9 m37y-a\"><div class=\"x-column x-sm x-1-2 e4174-e10 m37y-b\"><div class=\"x-text x-text-headline e4174-e11 m37y-8 m37y-9\"><div class=\"x-text-content\"><div class=\"x-text-content-text\"><h2 class=\"x-text-content-text-primary\"><span>About GrowerIQ<\/span><\/h2>\n<\/div><\/div><\/div><div class=\"x-content-area e4174-e12 m37y-c\">GrowerIQ is a complete cannabis production management platform. Ours is the first platform to integrate your facility systems, including sensors, building controls, QMS, and ERP, into a single simplified interface.\n<br\/><br\/>\n\nGrowerIQ is changing the way producers use software - transforming a regulatory requirement into a robust platform to learn, analyze, and improve performance. \n<br\/><br\/>\n\nTo find out more about GrowerIQ and how we can help, fill out the form to the right, start a chat, or <a class=\"link\" href=\"\/contact-us\/\">contact us<\/a>.<\/div><\/div><div class=\"x-column x-sm x-1-2 e4174-e13 m37y-b\"><div class=\"x-content-area x-hide-sm x-hide-xs e4174-e14 m37y-c\"><h2 style=\"color: white !important;\">Start today.<\/h2>\n<p style=\"color: white !important;\">Let us know how to reach you, and we'll get in touch to discuss your project.<\/p>\n<div class=\"salesforce_w2l_lead sf_one_column\"><form id=\"sf_form_salesforce_w2l_lead_4\" class=\"w2llead placeholders\" method=\"post\" action=\"#sf_form_salesforce_w2l_lead_4\"><div class=\"sf_field sf_field_first_name sf_type_text\">\t<input type=\"text\" placeholder=\"Name *\" value=\"\" id=\"sf_first_name\" class=\"w2linput text\" name=\"first_name\"  \/><div class=\"clearfix\"><\/div><\/div><div class=\"sf_field sf_field_email sf_type_text\">\t<input type=\"text\" placeholder=\"Email *\" value=\"\" id=\"sf_email\" class=\"w2linput text\" name=\"email\"  \/><div class=\"clearfix\"><\/div><\/div><div class=\"sf_field sf_field_description sf_type_textarea\">\t\t<textarea id=\"sf_description\" class=\"w2linput textarea\" name=\"description\" placeholder=\"Message\"><\/textarea><div class=\"clearfix\"><\/div><\/div>\t\t<input type=\"hidden\" id=\"sf_GCLID__c\" class=\"w2linput hidden\" name=\"GCLID__c\" value=\"\" \/>\t\t<input type=\"hidden\" id=\"sf_Utm_campaign__c\" class=\"w2linput hidden\" name=\"Utm_campaign__c\" value=\"\" \/>\t\t<input type=\"hidden\" id=\"sf_Utm_content__c\" class=\"w2linput hidden\" name=\"Utm_content__c\" value=\"\" \/>\t\t<input type=\"hidden\" id=\"sf_Utm_medium__c\" class=\"w2linput hidden\" name=\"Utm_medium__c\" value=\"\" \/>\t\t<input type=\"hidden\" id=\"sf_Utm_source__c\" class=\"w2linput hidden\" name=\"Utm_source__c\" value=\"\" \/>\t\t<input type=\"hidden\" id=\"sf_Utm_term__c\" class=\"w2linput hidden\" name=\"Utm_term__c\" value=\"\" \/>\t\t<input type=\"hidden\" id=\"sf_Referral_url__c\" class=\"w2linput hidden\" name=\"Referral_url__c\" value=\"\" \/>\t<input type=\"text\" name=\"message\" class=\"w2linput\" value=\"\" style=\"display: none;\" \/>\t<input type=\"hidden\" name=\"form_id\" class=\"w2linput\" value=\"4\" \/>\t<div class=\"w2lsubmit\"><input type=\"submit\" name=\"w2lsubmit\" class=\"w2linput submit\" value=\"Get Started\" \/><\/div><\/form><\/div>\n\n<p style=\"color: white !important; font-size: 9px !important; line-height: 15px !important;\">GrowerIQ does not share, sell, rent, or trade personally identifiable information with third parties for promotional purposes. <a href=\"\/privacy-policy\/\" style=\"color: white !important; text-decoration: underline !important;\">Privacy Policy<\/a><\/p><\/div><\/div><\/div><\/div><\/div>\n\n\n<div class=\"cs-content x-global-block x-global-block-4174 e4174-e0\"><div class=\"x-section e4174-e2 m37y-0 m37y-1\"><div class=\"x-row x-container max width e4174-e3 m37y-3 m37y-4\"><div class=\"x-row-inner\"><div class=\"x-col e4174-e4 m37y-5\"><hr class=\"x-line e4174-e5 m37y-6\"\/><div class=\"x-text x-text-headline e4174-e6 m37y-7 m37y-8\"><div class=\"x-text-content\"><div class=\"x-text-content-text\"><h2 class=\"x-text-content-text-primary\">Recommended For You<\/h2>\n<\/div><\/div><\/div><div  class=\"x-recent-posts cf horizontal\"  data-x-element=\"recent_posts\" data-x-params=\"{&quot;fade&quot;:false}\" data-fade=\"false\" ><a class=\"x-recent-post3 with-image\" href=\"https:\/\/groweriq.ca\/de\/2024\/06\/18\/neue-cannabis-gesetzgebung-in-deutschland-abschaffung-oeffentlicher-cannabis-ausschreibungen\/\" title=\"Permalink to: &quot;Neue Cannabis-Gesetzgebung in Deutschland: Abschaffung \u00f6ffentlicher Cannabis-Ausschreibungen&quot;\"><article id=\"post-27809\" class=\"post-27809 post type-post status-publish format-standard has-post-thumbnail hentry category-deutschland category-international-de category-unkategorisiert tag-cannabis-industrie tag-cannabis-unternehmen\"><div class=\"entry-wrap\"><div class=\"x-recent-posts-img\" style=\"background-image: url(https:\/\/groweriq.ca\/wp-content\/uploads\/2024\/05\/esteban-lopez-cQtAjvP6hUQ-unsplash-1.jpg);\"><i class='x-framework-icon x-recent-posts-icon' data-x-icon-s='&#xf15c;' aria-hidden=true><\/i><\/div><div class=\"x-recent-posts-content\"><h3 class=\"h-recent-posts\">Neue Cannabis-Gesetzgebung in Deutschland: Abschaffung \u00f6ffentlicher Cannabis-Ausschreibungen<\/h3><span class=\"x-recent-posts-date\">18. Juni 2024<\/span><\/div><\/div><\/article><\/a><a class=\"x-recent-post3 with-image\" href=\"https:\/\/groweriq.ca\/de\/2024\/06\/14\/voraussetzungen-fuer-die-gruendung-einer-anbauervereinigung-oder-eines-cannabisclubs\/\" title=\"Permalink to: &quot;Voraussetzungen f\u00fcr die Gr\u00fcndung einer Anbauervereinigung oder eines Cannabisclubs.&quot;\"><article id=\"post-27760\" class=\"post-27760 post type-post status-publish format-standard has-post-thumbnail hentry category-deutschland category-unkategorisiert tag-cannabis-industrie tag-cannabis-unternehmen\"><div class=\"entry-wrap\"><div class=\"x-recent-posts-img\" style=\"background-image: url(https:\/\/groweriq.ca\/wp-content\/uploads\/2024\/05\/esteban-lopez-_k6g3qSnYIo-unsplash-1.jpg);\"><i class='x-framework-icon x-recent-posts-icon' data-x-icon-s='&#xf15c;' aria-hidden=true><\/i><\/div><div class=\"x-recent-posts-content\"><h3 class=\"h-recent-posts\">Voraussetzungen f\u00fcr die Gr\u00fcndung einer Anbauervereinigung oder eines Cannabisclubs.<\/h3><span class=\"x-recent-posts-date\">14. Juni 2024<\/span><\/div><\/div><\/article><\/a><a class=\"x-recent-post3 with-image\" href=\"https:\/\/groweriq.ca\/de\/2024\/06\/11\/was-sie-ueber-cannabis-social-club-software-wissen-sollten\/\" title=\"Permalink to: &quot;10 Dinge, man \u00fcber Cannabis Social Club Software wissen sollte&quot;\"><article id=\"post-27758\" class=\"post-27758 post type-post status-publish format-standard has-post-thumbnail hentry category-cannabis-social-club-de category-seed-to-sale-vom-samen-zum-verkauf tag-cannabis-industrie tag-cannabis-unternehmen\"><div class=\"entry-wrap\"><div class=\"x-recent-posts-img\" style=\"background-image: url(https:\/\/groweriq.ca\/wp-content\/uploads\/2024\/04\/cannabis-social-club-software-870x520.jpeg);\"><i class='x-framework-icon x-recent-posts-icon' data-x-icon-s='&#xf15c;' aria-hidden=true><\/i><\/div><div class=\"x-recent-posts-content\"><h3 class=\"h-recent-posts\">10 Dinge, man \u00fcber Cannabis Social Club Software wissen sollte<\/h3><span class=\"x-recent-posts-date\">11. Juni 2024<\/span><\/div><\/div><\/article><\/a><\/div><\/div><\/div><\/div><\/div><div class=\"x-section e4174-e8 m37y-1 m37y-2\"><div class=\"x-container max width e4174-e9 m37y-a\"><div class=\"x-column x-sm x-1-2 e4174-e10 m37y-b\"><div class=\"x-text x-text-headline e4174-e11 m37y-8 m37y-9\"><div class=\"x-text-content\"><div class=\"x-text-content-text\"><h2 class=\"x-text-content-text-primary\"><span>About GrowerIQ<\/span><\/h2>\n<\/div><\/div><\/div><div class=\"x-content-area e4174-e12 m37y-c\">GrowerIQ is a complete cannabis production management platform. Ours is the first platform to integrate your facility systems, including sensors, building controls, QMS, and ERP, into a single simplified interface.\n<br\/><br\/>\n\nGrowerIQ is changing the way producers use software - transforming a regulatory requirement into a robust platform to learn, analyze, and improve performance. \n<br\/><br\/>\n\nTo find out more about GrowerIQ and how we can help, fill out the form to the right, start a chat, or <a class=\"link\" href=\"\/contact-us\/\">contact us<\/a>.<\/div><\/div><div class=\"x-column x-sm x-1-2 e4174-e13 m37y-b\"><div class=\"x-content-area x-hide-sm x-hide-xs e4174-e14 m37y-c\"><h2 style=\"color: white !important;\">Start today.<\/h2>\n<p style=\"color: white !important;\">Let us know how to reach you, and we'll get in touch to discuss your project.<\/p>\n<div class=\"salesforce_w2l_lead sf_one_column\"><form id=\"sf_form_salesforce_w2l_lead_4\" class=\"w2llead placeholders\" method=\"post\" action=\"#sf_form_salesforce_w2l_lead_4\"><div class=\"sf_field sf_field_first_name sf_type_text\">\t<input type=\"text\" placeholder=\"Name *\" value=\"\" id=\"sf_first_name\" class=\"w2linput text\" name=\"first_name\"  \/><div class=\"clearfix\"><\/div><\/div><div class=\"sf_field sf_field_email sf_type_text\">\t<input type=\"text\" placeholder=\"Email *\" value=\"\" id=\"sf_email\" class=\"w2linput text\" name=\"email\"  \/><div class=\"clearfix\"><\/div><\/div><div class=\"sf_field sf_field_description sf_type_textarea\">\t\t<textarea id=\"sf_description\" class=\"w2linput textarea\" name=\"description\" placeholder=\"Message\"><\/textarea><div class=\"clearfix\"><\/div><\/div>\t\t<input type=\"hidden\" id=\"sf_GCLID__c\" class=\"w2linput hidden\" name=\"GCLID__c\" value=\"\" \/>\t\t<input type=\"hidden\" id=\"sf_Utm_campaign__c\" class=\"w2linput hidden\" name=\"Utm_campaign__c\" value=\"\" \/>\t\t<input type=\"hidden\" id=\"sf_Utm_content__c\" class=\"w2linput hidden\" name=\"Utm_content__c\" value=\"\" \/>\t\t<input type=\"hidden\" id=\"sf_Utm_medium__c\" class=\"w2linput hidden\" name=\"Utm_medium__c\" value=\"\" \/>\t\t<input type=\"hidden\" id=\"sf_Utm_source__c\" class=\"w2linput hidden\" name=\"Utm_source__c\" value=\"\" \/>\t\t<input type=\"hidden\" id=\"sf_Utm_term__c\" class=\"w2linput hidden\" name=\"Utm_term__c\" value=\"\" \/>\t\t<input type=\"hidden\" id=\"sf_Referral_url__c\" class=\"w2linput hidden\" name=\"Referral_url__c\" value=\"\" \/>\t<input type=\"text\" name=\"message\" class=\"w2linput\" value=\"\" style=\"display: none;\" \/>\t<input type=\"hidden\" name=\"form_id\" class=\"w2linput\" value=\"4\" \/>\t<div class=\"w2lsubmit\"><input type=\"submit\" name=\"w2lsubmit\" class=\"w2linput submit\" value=\"Get Started\" \/><\/div><\/form><\/div>\n\n<p style=\"color: white !important; font-size: 9px !important; line-height: 15px !important;\">GrowerIQ does not share, sell, rent, or trade personally identifiable information with third parties for promotional purposes. <a href=\"\/privacy-policy\/\" style=\"color: white !important; text-decoration: underline !important;\">Privacy Policy<\/a><\/p><\/div><\/div><\/div><\/div><\/div>\n","protected":false},"excerpt":{"rendered":"<p> Eine fraktionierte Qualit\u00e4tssicherungsperson (QAP) ist \u00e4hnlich wie eine zugelassene QAP, aber sie muss nicht st\u00e4ndig vor Ort sein. Dies kann ein gro\u00dfer Vorteil f\u00fcr diejenigen sein, die zum Zeitpunkt der Vorbereitung und Einreichung Ihres Antrags auf eine Cannabislizenz noch nicht bereit sind, eine Vollzeit-Qualit\u00e4tssicherungsperson einzustellen. <\/p>\n","protected":false},"author":10,"featured_media":0,"parent":0,"menu_order":0,"comment_status":"closed","ping_status":"closed","template":"","meta":{"_elementor_css":"","footnotes":""},"categories":[637,757,492],"tags":[638,493],"class_list":["post-12417","page","type-page","status-publish","hentry","category-lizensierungsprozess","category-lp-application-process-de","category-qualitatssicherung","tag-lizensierungsprozess","tag-qualitatssicherung","no-post-thumbnail"],"_links":{"self":[{"href":"https:\/\/groweriq.ca\/de\/wp-json\/wp\/v2\/pages\/12417","targetHints":{"allow":["GET"]}}],"collection":[{"href":"https:\/\/groweriq.ca\/de\/wp-json\/wp\/v2\/pages"}],"about":[{"href":"https:\/\/groweriq.ca\/de\/wp-json\/wp\/v2\/types\/page"}],"author":[{"embeddable":true,"href":"https:\/\/groweriq.ca\/de\/wp-json\/wp\/v2\/users\/10"}],"replies":[{"embeddable":true,"href":"https:\/\/groweriq.ca\/de\/wp-json\/wp\/v2\/comments?post=12417"}],"version-history":[{"count":9,"href":"https:\/\/groweriq.ca\/de\/wp-json\/wp\/v2\/pages\/12417\/revisions"}],"predecessor-version":[{"id":29193,"href":"https:\/\/groweriq.ca\/de\/wp-json\/wp\/v2\/pages\/12417\/revisions\/29193"}],"wp:attachment":[{"href":"https:\/\/groweriq.ca\/de\/wp-json\/wp\/v2\/media?parent=12417"}],"wp:term":[{"taxonomy":"category","embeddable":true,"href":"https:\/\/groweriq.ca\/de\/wp-json\/wp\/v2\/categories?post=12417"},{"taxonomy":"post_tag","embeddable":true,"href":"https:\/\/groweriq.ca\/de\/wp-json\/wp\/v2\/tags?post=12417"}],"curies":[{"name":"wp","href":"https:\/\/api.w.org\/{rel}","templated":true}]}}