{"id":12404,"date":"2022-05-30T06:29:30","date_gmt":"2022-05-30T10:29:30","guid":{"rendered":"https:\/\/groweriq.ca\/kommerzialisierung-von-cannabis-ihre-produkte-verkaufen\/"},"modified":"2024-08-13T13:49:54","modified_gmt":"2024-08-13T17:49:54","slug":"kommerzialisierung-von-cannabis-ihre-produkte-verkaufen","status":"publish","type":"page","link":"https:\/\/groweriq.ca\/de\/kommerzialisierung-von-cannabis-ihre-produkte-verkaufen\/","title":{"rendered":"Cannabis- Kommerzialisierung: Verkaufen Sie Ihre Produkte"},"content":{"rendered":"\n<p>Sobald Sie ein lizenzierter Produzent von Cannabis sind, k\u00f6nnen Sie \u00fcber die Vermarktung Ihrer Produkte mithilfe von<a href=\"https:\/\/groweriq.ca\/de\/2021\/04\/03\/der-ultimative-leitfaden-zu-sops-standard-operating-procedures-standardvorgehensweisen-fur-die-cannabis-industrie-teil-i\/\" target=\"_blank\" rel=\"noreferrer noopener\"> Cannabis-SOPs<\/a> nachdenken. Viele Produzenten von Cannabis entscheiden sich daf\u00fcr, ihre Produkte nur im Gro\u00dfhandel an andere Unternehmen der Produktion zu verkaufen. Die Gewinnspannen beim Gro\u00dfhandel sind jedoch knapp bemessen, und die Vermarktung Ihrer eigenen Produkte ist eine gute M\u00f6glichkeit, h\u00f6here Preise zu erzielen.  <\/p>\n\n\n\n<p>Die Kommerzialisierung kann eine Herausforderung sein, denn jede kanadische Provinz hat unterschiedliche Gesetze, die Standards und unterschiedliche Prozesse f\u00fcr den Verkauf von Produkten regeln, da das<a href=\"https:\/\/groweriq.ca\/2019\/06\/11\/canadian-cannabis-supply-woes-about-to-get-much-worse\/\" target=\"_blank\" rel=\"noreferrer noopener\"> kanadische Cannabisangebot <\/a>von Provinz zu Provinz unterschiedlich ist. Neben dem Aufbau einer Marke haben Sie zus\u00e4tzliche regulatorische Prozesse zu bew\u00e4ltigen. Wenn Sie mit GrowerIQ zusammenarbeiten, k\u00f6nnen Sie sicher sein, dass diese Nuancen ber\u00fccksichtigt werden, um Ihnen zu helfen, den Prozess der Kommerzialisierung zu rationalisieren.  <\/p>\n\n\n\n<h2 class=\"wp-block-heading\">Voraussetzungen f\u00fcr die Kommerzialisierung von Cannabis<\/h2>\n\n\n\n<p>Wie bereits erw\u00e4hnt, gibt es in jeder Provinz einige Unterschiede bei den Anforderungen f\u00fcr die Vermarktung von Cannabis. Im Allgemeinen sind in allen Provinzen die folgenden Verfahren und Dokumente erforderlich:<\/p>\n\n\n\n<ul class=\"wp-block-list\">\n<li>Qualifikation des Anbieters<\/li>\n\n\n\n<li>Aktualisierte Cannabis SOP (<a href=\"https:\/\/groweriq.ca\/de\/2021\/04\/05\/der-ultimative-leitfaden-zu-sops-fur-die-cannabis-industrie-teil-ii\/\" target=\"_blank\" rel=\"noreferrer noopener\">Cannabis Standard Operating Procedures<\/a>) Liste und Beschreibung<\/li>\n\n\n\n<li>Organigramme<\/li>\n\n\n\n<li>Wichtige Investoren<\/li>\n<\/ul>\n\n\n\n<p>Diese Prozesse und Dokumente sind wichtige Bestandteile des Qualit\u00e4tssystems eines Cannabis-Unternehmens. Sie werden bereits \u00fcber Organigramme, eine Liste der wichtigsten Investoren und eine Liste und Beschreibung Ihrer SOPs aus Ihrem Cannabis-Lizenzantrag verf\u00fcgen. Die Umsetzung Ihres Prozesses zur Anbieterqualifizierung kann jedoch einige neue Herausforderungen mit sich bringen.<\/p>\n\n\n\n<h2 class=\"wp-block-heading\">Kommerzielle Cannabis-Produkte vermarkten<\/h2>\n\n\n\n<p>Jede Provinz hat ihre eigenen <a href=\"https:\/\/www.canada.ca\/en\/health-canada\/services\/drugs-medication\/cannabis\/laws-regulations\/provinces-territories.html\" target=\"_blank\" rel=\"noreferrer noopener\">spezifischen Anforderungen<\/a> an Verpackung, Etikettierung, Produktbilder und Produktlieferung. Ebenso gibt es verschiedene Agenturen, die kommerzielle Produkte f\u00fcr den Online- und Einzelhandelsverkauf erwerben. Hier ist ein kurzer \u00dcberblick \u00fcber einige Provinzen und ihre unterschiedlichen Cannabis-Verkaufssysteme  <\/p>\n\n\n\n<figure class=\"wp-block-embed is-type-wp-embed is-provider-groweriq-ca wp-block-embed-groweriq-ca\"><div class=\"wp-block-embed__wrapper\">\n<div class=\"x-embed x-is-rich x-is-groweriq-ca\"><blockquote class=\"wp-embedded-content\" data-secret=\"x5mwQ0MAHX\"><a href=\"https:\/\/groweriq.ca\/2022\/09\/23\/what-is-a-bill-of-sale\/\">What Is a Bill of Sale in Cannabis?<\/a><\/blockquote><iframe class=\"wp-embedded-content\" sandbox=\"allow-scripts\" security=\"restricted\" style=\"position: absolute; clip: rect(1px, 1px, 1px, 1px);\" title=\"&#8222;What Is a Bill of Sale in Cannabis?&#8220; &#8212; GrowerIQ.ca\" src=\"https:\/\/groweriq.ca\/2022\/09\/23\/what-is-a-bill-of-sale\/embed\/#?secret=MrZRT8pU6s#?secret=x5mwQ0MAHX\" data-secret=\"x5mwQ0MAHX\" width=\"600\" height=\"338\" frameborder=\"0\" marginwidth=\"0\" marginheight=\"0\" scrolling=\"no\"><\/iframe><\/div>\n<\/div><\/figure>\n\n\n\n<p>. <\/p>\n\n\n\n<h3 class=\"wp-block-heading\">Verkauf von Cannabis in New Brunswick<\/h3>\n\n\n\n<p>In New Brunswick ist die New Brunswick Liquor Corporation (ANBL) f\u00fcr den Verkauf von Cannabis zust\u00e4ndig. Sowohl der Online- als auch der Einzelhandelsverkauf werden von der Regierung verwaltet. New Brunswick nimmt Angebote von Cannabisanbietern in Form einer Interessenbekundung entgegen. In diesem Dokument m\u00fcssen Sie das Cannabisprodukt, das Sie verkaufen m\u00f6chten, auflisten und spezifische Kriterien f\u00fcr die Auflistung und das Produkt angeben. Au\u00dferdem werden Sie gebeten, eine detaillierte Markenpr\u00e4sentation einzureichen.   <\/p>\n\n\n\n<h3 class=\"wp-block-heading\">Verkauf von Cannabis in Nova Scotia<\/h3>\n\n\n\n<p>In Nova Scotia ist die Nova Scotia Liquor Corporation (NSLC) die zust\u00e4ndige Beh\u00f6rde f\u00fcr den Verkauf von Cannabis. Sowohl der Online- als auch der Einzelhandelsverkauf werden von der Regierung verwaltet. Nova Scotia arbeitet mit einem e-Bidding-System namens SAP Ariba. Dieses System erm\u00f6glicht es der Regierung, kommerzialisierte Produkte zu beziehen, indem sie offene Auswahlverfahren und Ausschreibungen f\u00fcr Lieferanten ver\u00f6ffentlicht. Nachdem Sie ein Profil erstellt haben, k\u00f6nnen Sie ein Lieferantenprofil anlegen und M\u00f6glichkeiten erkunden.<\/p>\n\n\n\n<h3 class=\"wp-block-heading\">Verkauf von Cannabis in Prince Edward Island<\/h3>\n\n\n\n<p>In Prince Edward Island ist die PEI Cannabis Management Corporation (PEICMC) die zust\u00e4ndige Beh\u00f6rde f\u00fcr den Verkauf von Cannabis. Wie in New Brunswick und Nova Scotia werden sowohl der Online- als auch der Einzelhandelsverkauf von der Regierung abgewickelt. Der Prozess des Verkaufs von kommerziellen Cannabis-Produkten beginnt mit dem Ausf\u00fcllen des PEI Cannabis Listing Form. Die Produkte werden bewertet, um die Kriterien f\u00fcr akzeptable Cannabinoid-Sortimente, Verpackung und Etikettierung sowie die Qualit\u00e4tssicherungsstandards zu erf\u00fcllen.<\/p>\n\n\n\n<h3 class=\"wp-block-heading\">Verkauf von Cannabis in Neufundland und Labrador<\/h3>\n\n\n\n<p>In Neufundland und Labrador ist die Labrador Liquor Corporation (NLC) die zust\u00e4ndige Beh\u00f6rde f\u00fcr den Verkauf von Cannabis. Der Online-Verkauf wird von der Regierung geregelt, aber der Einzelhandel wird von privaten Unternehmen \u00fcbernommen. NLC nutzt ein System, bei dem sie Angebote von Gro\u00dfh\u00e4ndlern anfordert, um den Bedarf an Cannabis-Produkten f\u00fcr den Einzelhandel zu decken.<\/p>\n\n\n\n<h2 class=\"wp-block-heading\">Cannabis-Vermarktung mit GrowerIQ<\/h2>\n\n\n\n<p>GrowerIQ bietet pers\u00f6nliche Unterst\u00fctzung und Beratung, um lizenzierten Produzenten \u00fcber den Lizenzierungsprozess hinaus zu unterst\u00fctzen. Wir verf\u00fcgen \u00fcber die Erfahrung und den Einblick, den Sie brauchen, um ein wettbewerbsf\u00e4higer und erfolgreicher Cannabis-Produzent zu sein. GrowerIQ unterst\u00fctzt den Aufbau von Unternehmen mit starken Qualit\u00e4tssystemen und hilft ihnen, hochwertige Produkte auf den Markt zu bringen. Falls Sie Ihre Cannabis-Produkte vermarkten m\u00f6chten, k\u00f6nnen wir Ihnen dabei helfen, sicherzustellen, dass alle Anforderungen erf\u00fcllt werden, und Sie bei der Markteinf\u00fchrung Ihrer Produkte unterst\u00fctzen.<\/p>\n\n\n\n<h2 class=\"wp-block-heading\">Erfahren Sie mehr<\/h2>\n\n\n\n<p>Vom Anbau Ihrer ersten Charge bis hin zur Vermarktung Ihrer Produkte kann GrowerIQ Ihr Cannabisgesch\u00e4ft in jedem rechtlichen Rahmen und jeder Region unterst\u00fctzen. Klicken Sie auf die Schaltfl\u00e4che oder f\u00fcllen Sie das untenstehende Formular aus, um Kontakt mit unseren Beratern aufzunehmen und noch heute loszulegen.<\/p>\n\n\n\n<a class=\"x-btn\" href=\"https:\/\/groweriq.ca\/consulting\/industry-expertise\/\" style=\"max-width: 500px\">Sprechen Sie mit unseren Expertenberatern<\/a><p><\/p>\n\n\n<div class=\"cs-content x-global-block x-global-block-4174 e4174-e0\"><div class=\"x-section e4174-e2 m37y-0 m37y-1\"><div class=\"x-row x-container max width e4174-e3 m37y-3 m37y-4\"><div class=\"x-row-inner\"><div class=\"x-col e4174-e4 m37y-5\"><hr class=\"x-line e4174-e5 m37y-6\"\/><div class=\"x-text x-text-headline e4174-e6 m37y-7 m37y-8\"><div class=\"x-text-content\"><div class=\"x-text-content-text\"><h2 class=\"x-text-content-text-primary\">Recommended For You<\/h2>\n<\/div><\/div><\/div><div  class=\"x-recent-posts cf horizontal\"  data-x-element=\"recent_posts\" data-x-params=\"{&quot;fade&quot;:false}\" data-fade=\"false\" ><a class=\"x-recent-post3 with-image\" href=\"https:\/\/groweriq.ca\/de\/2024\/06\/18\/neue-cannabis-gesetzgebung-in-deutschland-abschaffung-oeffentlicher-cannabis-ausschreibungen\/\" title=\"Permalink to: &quot;Neue Cannabis-Gesetzgebung in Deutschland: Abschaffung \u00f6ffentlicher Cannabis-Ausschreibungen&quot;\"><article id=\"post-27809\" class=\"post-27809 post type-post status-publish format-standard has-post-thumbnail hentry category-deutschland category-international-de category-unkategorisiert tag-cannabis-industrie tag-cannabis-unternehmen\"><div class=\"entry-wrap\"><div class=\"x-recent-posts-img\" style=\"background-image: url(https:\/\/groweriq.ca\/wp-content\/uploads\/2024\/05\/esteban-lopez-cQtAjvP6hUQ-unsplash-1.jpg);\"><i class='x-framework-icon x-recent-posts-icon' data-x-icon-s='&#xf15c;' aria-hidden=true><\/i><\/div><div class=\"x-recent-posts-content\"><h3 class=\"h-recent-posts\">Neue Cannabis-Gesetzgebung in Deutschland: Abschaffung \u00f6ffentlicher Cannabis-Ausschreibungen<\/h3><span class=\"x-recent-posts-date\">18. Juni 2024<\/span><\/div><\/div><\/article><\/a><a class=\"x-recent-post3 with-image\" href=\"https:\/\/groweriq.ca\/de\/2024\/06\/14\/voraussetzungen-fuer-die-gruendung-einer-anbauervereinigung-oder-eines-cannabisclubs\/\" title=\"Permalink to: &quot;Voraussetzungen f\u00fcr die Gr\u00fcndung einer Anbauervereinigung oder eines Cannabisclubs.&quot;\"><article id=\"post-27760\" class=\"post-27760 post type-post status-publish format-standard has-post-thumbnail hentry category-deutschland category-unkategorisiert tag-cannabis-industrie tag-cannabis-unternehmen\"><div class=\"entry-wrap\"><div class=\"x-recent-posts-img\" style=\"background-image: url(https:\/\/groweriq.ca\/wp-content\/uploads\/2024\/05\/esteban-lopez-_k6g3qSnYIo-unsplash-1.jpg);\"><i class='x-framework-icon x-recent-posts-icon' data-x-icon-s='&#xf15c;' aria-hidden=true><\/i><\/div><div class=\"x-recent-posts-content\"><h3 class=\"h-recent-posts\">Voraussetzungen f\u00fcr die Gr\u00fcndung einer Anbauervereinigung oder eines Cannabisclubs.<\/h3><span class=\"x-recent-posts-date\">14. Juni 2024<\/span><\/div><\/div><\/article><\/a><a class=\"x-recent-post3 with-image\" href=\"https:\/\/groweriq.ca\/de\/2024\/06\/11\/was-sie-ueber-cannabis-social-club-software-wissen-sollten\/\" title=\"Permalink to: &quot;10 Dinge, man \u00fcber Cannabis Social Club Software wissen sollte&quot;\"><article id=\"post-27758\" class=\"post-27758 post type-post status-publish format-standard has-post-thumbnail hentry category-cannabis-social-club-de category-seed-to-sale-vom-samen-zum-verkauf tag-cannabis-industrie tag-cannabis-unternehmen\"><div class=\"entry-wrap\"><div class=\"x-recent-posts-img\" style=\"background-image: url(https:\/\/groweriq.ca\/wp-content\/uploads\/2024\/04\/cannabis-social-club-software-870x520.jpeg);\"><i class='x-framework-icon x-recent-posts-icon' data-x-icon-s='&#xf15c;' aria-hidden=true><\/i><\/div><div class=\"x-recent-posts-content\"><h3 class=\"h-recent-posts\">10 Dinge, man \u00fcber Cannabis Social Club Software wissen sollte<\/h3><span class=\"x-recent-posts-date\">11. Juni 2024<\/span><\/div><\/div><\/article><\/a><\/div><\/div><\/div><\/div><\/div><div class=\"x-section e4174-e8 m37y-1 m37y-2\"><div class=\"x-container max width e4174-e9 m37y-a\"><div class=\"x-column x-sm x-1-2 e4174-e10 m37y-b\"><div class=\"x-text x-text-headline e4174-e11 m37y-8 m37y-9\"><div class=\"x-text-content\"><div class=\"x-text-content-text\"><h2 class=\"x-text-content-text-primary\"><span>About GrowerIQ<\/span><\/h2>\n<\/div><\/div><\/div><div class=\"x-content-area e4174-e12 m37y-c\">GrowerIQ is a complete cannabis production management platform. Ours is the first platform to integrate your facility systems, including sensors, building controls, QMS, and ERP, into a single simplified interface.\n<br\/><br\/>\n\nGrowerIQ is changing the way producers use software - transforming a regulatory requirement into a robust platform to learn, analyze, and improve performance. \n<br\/><br\/>\n\nTo find out more about GrowerIQ and how we can help, fill out the form to the right, start a chat, or <a class=\"link\" href=\"\/contact-us\/\">contact us<\/a>.<\/div><\/div><div class=\"x-column x-sm x-1-2 e4174-e13 m37y-b\"><div class=\"x-content-area x-hide-sm x-hide-xs e4174-e14 m37y-c\"><h2 style=\"color: white !important;\">Start today.<\/h2>\n<p style=\"color: white !important;\">Let us know how to reach you, and we'll get in touch to discuss your project.<\/p>\n<div class=\"salesforce_w2l_lead sf_one_column\"><form id=\"sf_form_salesforce_w2l_lead_4\" class=\"w2llead placeholders\" method=\"post\" action=\"#sf_form_salesforce_w2l_lead_4\"><div class=\"sf_field sf_field_first_name sf_type_text\">\t<input type=\"text\" placeholder=\"Name *\" value=\"\" id=\"sf_first_name\" class=\"w2linput text\" name=\"first_name\"  \/><div class=\"clearfix\"><\/div><\/div><div class=\"sf_field sf_field_email sf_type_text\">\t<input type=\"text\" placeholder=\"Email *\" value=\"\" id=\"sf_email\" class=\"w2linput text\" name=\"email\"  \/><div class=\"clearfix\"><\/div><\/div><div class=\"sf_field sf_field_description sf_type_textarea\">\t\t<textarea id=\"sf_description\" class=\"w2linput textarea\" name=\"description\" placeholder=\"Message\"><\/textarea><div class=\"clearfix\"><\/div><\/div>\t\t<input type=\"hidden\" id=\"sf_GCLID__c\" class=\"w2linput hidden\" name=\"GCLID__c\" value=\"\" \/>\t\t<input type=\"hidden\" id=\"sf_Utm_campaign__c\" class=\"w2linput hidden\" name=\"Utm_campaign__c\" value=\"\" \/>\t\t<input type=\"hidden\" id=\"sf_Utm_content__c\" class=\"w2linput hidden\" name=\"Utm_content__c\" value=\"\" \/>\t\t<input type=\"hidden\" id=\"sf_Utm_medium__c\" class=\"w2linput hidden\" name=\"Utm_medium__c\" value=\"\" \/>\t\t<input type=\"hidden\" id=\"sf_Utm_source__c\" class=\"w2linput hidden\" name=\"Utm_source__c\" value=\"\" \/>\t\t<input type=\"hidden\" id=\"sf_Utm_term__c\" class=\"w2linput hidden\" name=\"Utm_term__c\" value=\"\" \/>\t\t<input type=\"hidden\" id=\"sf_Referral_url__c\" class=\"w2linput hidden\" name=\"Referral_url__c\" value=\"\" \/>\t<input type=\"text\" name=\"message\" class=\"w2linput\" value=\"\" style=\"display: none;\" \/>\t<input type=\"hidden\" name=\"form_id\" class=\"w2linput\" value=\"4\" \/>\t<div class=\"w2lsubmit\"><input type=\"submit\" name=\"w2lsubmit\" class=\"w2linput submit\" value=\"Get Started\" \/><\/div><\/form><\/div>\n\n<p style=\"color: white !important; font-size: 9px !important; line-height: 15px !important;\">GrowerIQ does not share, sell, rent, or trade personally identifiable information with third parties for promotional purposes. <a href=\"\/privacy-policy\/\" style=\"color: white !important; text-decoration: underline !important;\">Privacy Policy<\/a><\/p><\/div><\/div><\/div><\/div><\/div>\n\n\n<div class=\"cs-content x-global-block x-global-block-4174 e4174-e0\"><div class=\"x-section e4174-e2 m37y-0 m37y-1\"><div class=\"x-row x-container max width e4174-e3 m37y-3 m37y-4\"><div class=\"x-row-inner\"><div class=\"x-col e4174-e4 m37y-5\"><hr class=\"x-line e4174-e5 m37y-6\"\/><div class=\"x-text x-text-headline e4174-e6 m37y-7 m37y-8\"><div class=\"x-text-content\"><div class=\"x-text-content-text\"><h2 class=\"x-text-content-text-primary\">Recommended For You<\/h2>\n<\/div><\/div><\/div><div  class=\"x-recent-posts cf horizontal\"  data-x-element=\"recent_posts\" data-x-params=\"{&quot;fade&quot;:false}\" data-fade=\"false\" ><a class=\"x-recent-post3 with-image\" href=\"https:\/\/groweriq.ca\/de\/2024\/06\/18\/neue-cannabis-gesetzgebung-in-deutschland-abschaffung-oeffentlicher-cannabis-ausschreibungen\/\" title=\"Permalink to: &quot;Neue Cannabis-Gesetzgebung in Deutschland: Abschaffung \u00f6ffentlicher Cannabis-Ausschreibungen&quot;\"><article id=\"post-27809\" class=\"post-27809 post type-post status-publish format-standard has-post-thumbnail hentry category-deutschland category-international-de category-unkategorisiert tag-cannabis-industrie tag-cannabis-unternehmen\"><div class=\"entry-wrap\"><div class=\"x-recent-posts-img\" style=\"background-image: url(https:\/\/groweriq.ca\/wp-content\/uploads\/2024\/05\/esteban-lopez-cQtAjvP6hUQ-unsplash-1.jpg);\"><i class='x-framework-icon x-recent-posts-icon' data-x-icon-s='&#xf15c;' aria-hidden=true><\/i><\/div><div class=\"x-recent-posts-content\"><h3 class=\"h-recent-posts\">Neue Cannabis-Gesetzgebung in Deutschland: Abschaffung \u00f6ffentlicher Cannabis-Ausschreibungen<\/h3><span class=\"x-recent-posts-date\">18. Juni 2024<\/span><\/div><\/div><\/article><\/a><a class=\"x-recent-post3 with-image\" href=\"https:\/\/groweriq.ca\/de\/2024\/06\/14\/voraussetzungen-fuer-die-gruendung-einer-anbauervereinigung-oder-eines-cannabisclubs\/\" title=\"Permalink to: &quot;Voraussetzungen f\u00fcr die Gr\u00fcndung einer Anbauervereinigung oder eines Cannabisclubs.&quot;\"><article id=\"post-27760\" class=\"post-27760 post type-post status-publish format-standard has-post-thumbnail hentry category-deutschland category-unkategorisiert tag-cannabis-industrie tag-cannabis-unternehmen\"><div class=\"entry-wrap\"><div class=\"x-recent-posts-img\" style=\"background-image: url(https:\/\/groweriq.ca\/wp-content\/uploads\/2024\/05\/esteban-lopez-_k6g3qSnYIo-unsplash-1.jpg);\"><i class='x-framework-icon x-recent-posts-icon' data-x-icon-s='&#xf15c;' aria-hidden=true><\/i><\/div><div class=\"x-recent-posts-content\"><h3 class=\"h-recent-posts\">Voraussetzungen f\u00fcr die Gr\u00fcndung einer Anbauervereinigung oder eines Cannabisclubs.<\/h3><span class=\"x-recent-posts-date\">14. Juni 2024<\/span><\/div><\/div><\/article><\/a><a class=\"x-recent-post3 with-image\" href=\"https:\/\/groweriq.ca\/de\/2024\/06\/11\/was-sie-ueber-cannabis-social-club-software-wissen-sollten\/\" title=\"Permalink to: &quot;10 Dinge, man \u00fcber Cannabis Social Club Software wissen sollte&quot;\"><article id=\"post-27758\" class=\"post-27758 post type-post status-publish format-standard has-post-thumbnail hentry category-cannabis-social-club-de category-seed-to-sale-vom-samen-zum-verkauf tag-cannabis-industrie tag-cannabis-unternehmen\"><div class=\"entry-wrap\"><div class=\"x-recent-posts-img\" style=\"background-image: url(https:\/\/groweriq.ca\/wp-content\/uploads\/2024\/04\/cannabis-social-club-software-870x520.jpeg);\"><i class='x-framework-icon x-recent-posts-icon' data-x-icon-s='&#xf15c;' aria-hidden=true><\/i><\/div><div class=\"x-recent-posts-content\"><h3 class=\"h-recent-posts\">10 Dinge, man \u00fcber Cannabis Social Club Software wissen sollte<\/h3><span class=\"x-recent-posts-date\">11. Juni 2024<\/span><\/div><\/div><\/article><\/a><\/div><\/div><\/div><\/div><\/div><div class=\"x-section e4174-e8 m37y-1 m37y-2\"><div class=\"x-container max width e4174-e9 m37y-a\"><div class=\"x-column x-sm x-1-2 e4174-e10 m37y-b\"><div class=\"x-text x-text-headline e4174-e11 m37y-8 m37y-9\"><div class=\"x-text-content\"><div class=\"x-text-content-text\"><h2 class=\"x-text-content-text-primary\"><span>About GrowerIQ<\/span><\/h2>\n<\/div><\/div><\/div><div class=\"x-content-area e4174-e12 m37y-c\">GrowerIQ is a complete cannabis production management platform. Ours is the first platform to integrate your facility systems, including sensors, building controls, QMS, and ERP, into a single simplified interface.\n<br\/><br\/>\n\nGrowerIQ is changing the way producers use software - transforming a regulatory requirement into a robust platform to learn, analyze, and improve performance. \n<br\/><br\/>\n\nTo find out more about GrowerIQ and how we can help, fill out the form to the right, start a chat, or <a class=\"link\" href=\"\/contact-us\/\">contact us<\/a>.<\/div><\/div><div class=\"x-column x-sm x-1-2 e4174-e13 m37y-b\"><div class=\"x-content-area x-hide-sm x-hide-xs e4174-e14 m37y-c\"><h2 style=\"color: white !important;\">Start today.<\/h2>\n<p style=\"color: white !important;\">Let us know how to reach you, and we'll get in touch to discuss your project.<\/p>\n<div class=\"salesforce_w2l_lead sf_one_column\"><form id=\"sf_form_salesforce_w2l_lead_4\" class=\"w2llead placeholders\" method=\"post\" action=\"#sf_form_salesforce_w2l_lead_4\"><div class=\"sf_field sf_field_first_name sf_type_text\">\t<input type=\"text\" placeholder=\"Name *\" value=\"\" id=\"sf_first_name\" class=\"w2linput text\" name=\"first_name\"  \/><div class=\"clearfix\"><\/div><\/div><div class=\"sf_field sf_field_email sf_type_text\">\t<input type=\"text\" placeholder=\"Email *\" value=\"\" id=\"sf_email\" class=\"w2linput text\" name=\"email\"  \/><div class=\"clearfix\"><\/div><\/div><div class=\"sf_field sf_field_description sf_type_textarea\">\t\t<textarea id=\"sf_description\" class=\"w2linput textarea\" name=\"description\" placeholder=\"Message\"><\/textarea><div class=\"clearfix\"><\/div><\/div>\t\t<input type=\"hidden\" id=\"sf_GCLID__c\" class=\"w2linput hidden\" name=\"GCLID__c\" value=\"\" \/>\t\t<input type=\"hidden\" id=\"sf_Utm_campaign__c\" class=\"w2linput hidden\" name=\"Utm_campaign__c\" value=\"\" \/>\t\t<input type=\"hidden\" id=\"sf_Utm_content__c\" class=\"w2linput hidden\" name=\"Utm_content__c\" value=\"\" \/>\t\t<input type=\"hidden\" id=\"sf_Utm_medium__c\" class=\"w2linput hidden\" name=\"Utm_medium__c\" value=\"\" \/>\t\t<input type=\"hidden\" id=\"sf_Utm_source__c\" class=\"w2linput hidden\" name=\"Utm_source__c\" value=\"\" \/>\t\t<input type=\"hidden\" id=\"sf_Utm_term__c\" class=\"w2linput hidden\" name=\"Utm_term__c\" value=\"\" \/>\t\t<input type=\"hidden\" id=\"sf_Referral_url__c\" class=\"w2linput hidden\" name=\"Referral_url__c\" value=\"\" \/>\t<input type=\"text\" name=\"message\" class=\"w2linput\" value=\"\" style=\"display: none;\" \/>\t<input type=\"hidden\" name=\"form_id\" class=\"w2linput\" value=\"4\" \/>\t<div class=\"w2lsubmit\"><input type=\"submit\" name=\"w2lsubmit\" class=\"w2linput submit\" value=\"Get Started\" \/><\/div><\/form><\/div>\n\n<p style=\"color: white !important; font-size: 9px !important; line-height: 15px !important;\">GrowerIQ does not share, sell, rent, or trade personally identifiable information with third parties for promotional purposes. <a href=\"\/privacy-policy\/\" style=\"color: white !important; text-decoration: underline !important;\">Privacy Policy<\/a><\/p><\/div><\/div><\/div><\/div><\/div>\n","protected":false},"excerpt":{"rendered":"<p>Die Gewinnspannen im Gro\u00dfhandel sind gering, und die Vermarktung Ihrer eigenen Produkte ist eine M\u00f6glichkeit, h\u00f6here Margen zu erzielen. Die Kommerzialisierung kann eine Herausforderung sein, da jede kanadische Provinz andere Gesetze hat, die Standards und unterschiedliche Prozesse f\u00fcr den Verkauf von Produkten regeln. Neben dem Aufbau einer Marke m\u00fcssen Sie zus\u00e4tzliche regulatorische Prozesse durchlaufen.   <\/p>\n","protected":false},"author":10,"featured_media":0,"parent":0,"menu_order":0,"comment_status":"closed","ping_status":"closed","template":"","meta":{"_elementor_css":"","footnotes":""},"categories":[621,526],"tags":[756,632,755],"class_list":["post-12404","page","type-page","status-publish","hentry","category-cannabis-business-plan-de","category-kanada","tag-cannabis-produkte","tag-cannabis-unternehmen","tag-kanada","no-post-thumbnail"],"_links":{"self":[{"href":"https:\/\/groweriq.ca\/de\/wp-json\/wp\/v2\/pages\/12404","targetHints":{"allow":["GET"]}}],"collection":[{"href":"https:\/\/groweriq.ca\/de\/wp-json\/wp\/v2\/pages"}],"about":[{"href":"https:\/\/groweriq.ca\/de\/wp-json\/wp\/v2\/types\/page"}],"author":[{"embeddable":true,"href":"https:\/\/groweriq.ca\/de\/wp-json\/wp\/v2\/users\/10"}],"replies":[{"embeddable":true,"href":"https:\/\/groweriq.ca\/de\/wp-json\/wp\/v2\/comments?post=12404"}],"version-history":[{"count":11,"href":"https:\/\/groweriq.ca\/de\/wp-json\/wp\/v2\/pages\/12404\/revisions"}],"predecessor-version":[{"id":29576,"href":"https:\/\/groweriq.ca\/de\/wp-json\/wp\/v2\/pages\/12404\/revisions\/29576"}],"wp:attachment":[{"href":"https:\/\/groweriq.ca\/de\/wp-json\/wp\/v2\/media?parent=12404"}],"wp:term":[{"taxonomy":"category","embeddable":true,"href":"https:\/\/groweriq.ca\/de\/wp-json\/wp\/v2\/categories?post=12404"},{"taxonomy":"post_tag","embeddable":true,"href":"https:\/\/groweriq.ca\/de\/wp-json\/wp\/v2\/tags?post=12404"}],"curies":[{"name":"wp","href":"https:\/\/api.w.org\/{rel}","templated":true}]}}